{"id":67,"date":"2023-04-03T19:27:59","date_gmt":"2023-04-03T17:27:59","guid":{"rendered":"https:\/\/consolatozurigo.esteri.it\/?page_id=67"},"modified":"2026-04-16T11:30:56","modified_gmt":"2026-04-16T09:30:56","slug":"passaporti-e-carte-didentita","status":"publish","type":"page","link":"https:\/\/consbruxelles.esteri.it\/it\/servizi-consolari-e-visti\/servizi-per-il-cittadino-italiano\/passaporti-e-carte-didentita\/","title":{"rendered":"Passaporti"},"content":{"rendered":"<p style=\"text-align: justify;\">Il passaporto viene utilizzato per identificarsi e viaggiare in tutti i Paesi i cui governi sono riconosciuti dal governo italiano.<\/p>\n<p style=\"text-align: justify;\">Per fare ingresso in determinati Paesi \u00e8 comunque necessario ottenere un visto da richiedere alle Autorit\u00e0 del Paese nel quale si desidera recarsi.\u00a0 Per circolare nell\u2019Unione europea, in alcuni Stati aderenti all\u2019Accordo di Schengen e in altri Stati con i quali sono stati raggiunti accordi bilaterali \u00e8 sufficiente la <strong><a href=\"https:\/\/consbruxelles.esteri.it\/it\/servizi-consolari-e-visti\/servizi-per-il-cittadino-italiano\/carte-didentita\/\">carta d&#8217;identit\u00e0 elettronica (CIE)<\/a><\/strong>. Maggiori informazioni sul sito <strong><a href=\"https:\/\/www.viaggiaresicuri.it\/home\">viaggiaresicuri.it<\/a><\/strong><\/p>\n<p style=\"text-align: justify;\"><strong>CHI PUO\u2019 RICHIEDERE IL RILASCIO DEL PASSAPORTO?<\/strong><\/p>\n<p style=\"text-align: justify;\">Il rilascio del passaporto pu\u00f2 di norma essere richiesto dai\u00a0<strong>cittadini italiani iscritti <\/strong><a href=\"https:\/\/consbruxelles.esteri.it\/it\/servizi-consolari-e-visti\/servizi-per-il-cittadino-italiano\/anagrafe-degli-italiani-residenti-allestero-aire\/\"><strong>AIRE<\/strong><\/a><strong> e residenti nella circoscrizione consolare di Bruxelles<\/strong> (comuni belgi con codice di avviamento postale compreso tra 1000 e 3999 e tra 8000 e 9992).<\/p>\n<p style=\"text-align: justify;\">Il passaporto viene rilasciato in assenza di cause ostative di cui all\u2019<strong><a href=\"https:\/\/www.normattiva.it\/uri-res\/N2Ls?urn:nir:stato:legge:1967-11-21;1185~art3-letf\">art. 3 della Legge n. 1185\/1967<\/a><\/strong><\/p>\n<p style=\"text-align: justify;\"><strong>COME RICHIEDERE IL PASSAPORTO?<\/strong><\/p>\n<p style=\"text-align: justify;\">L\u2019appuntamento per il rilascio del passaporto deve essere fissato in autonomia\u00a0<strong>esclusivamente attraverso la piattaforma <\/strong><a href=\"https:\/\/prenotami.esteri.it\/\"><strong>Prenot@mi<\/strong><\/a>.<\/p>\n<p style=\"text-align: justify;\">Prima di fissare un appuntamento \u00e8 necessario assicurarsi che il proprio dossier consolare sia in ordine e il proprio indirizzo di residenza sia aggiornato. Eventuali cambi di indirizzo dovranno essere comunicati tramite portale <strong><a href=\"https:\/\/serviziconsolari.esteri.it\/home\">FAST IT<\/a><\/strong><\/p>\n<p style=\"text-align: justify;\"><strong>COSA PORTARE IL GIORNO DELL&#8217;APPUNTAMENTO?<\/strong><\/p>\n<ul style=\"text-align: justify;\">\n<li><strong>1 fototessera<\/strong> a colori, risalente a meno di 6 mesi, su sfondo bianco conforme alla\u00a0<strong><a href=\"https:\/\/www.esteri.it\/it\/servizi-consolari-e-visti\/italiani-all-estero\/documenti_di_viaggio\/linee-guida-foto-icao\/\">normativa ICAO<\/a><\/strong><u>.<\/u><\/li>\n<li><strong>Permesso di soggiorno belga o carta d\u2019identit\u00e0 belga<\/strong> in corso di validit\u00e0. Per chi avesse anche la cittadinanza belga \u00e8 necessario presentare un <strong>certificato di nazionalit\u00e0 belga riportante la data e la modalit\u00e0 di acquisizione<\/strong>.<\/li>\n<li>Eventuale <strong>ultimo passaporto italiano<\/strong> posseduto oppure, in caso di furto o di smarrimento, <strong>denuncia<\/strong> resa davanti alle Autorit\u00e0 di Polizia locali.<\/li>\n<li><strong>Per i minorenni\u00a0accompagnati soltanto da uno dei due genitori<\/strong> esercenti la responsabilit\u00e0 genitoriale occorre\u00a0<u>inoltre<\/u>\u00a0produrre la seguente documentazione a seconda dei casi:<\/li>\n<\/ul>\n<ol style=\"text-align: justify;\">\n<li><u>Se il genitore non presente \u00e8 cittadino dell\u2019Unione europea:<\/u> <strong><a href=\"https:\/\/consbruxelles.esteri.it\/wp-content\/uploads\/2025\/02\/NUOVO-ASSENSO-PASSAPORTO-CIE-CON-INDIRIZZO.pdf\">atto di assenso<\/a><\/strong> firmato dal genitore non presente e corredato da relativa fotocopia di un documento di riconoscimento;<\/li>\n<li><u>Se il genitore non presente \u00e8 cittadino di paese al di fuori dell\u2019Unione europea:<\/u> <strong><a href=\"https:\/\/consbruxelles.esteri.it\/wp-content\/uploads\/2025\/02\/NUOVO-ASSENSO-PASSAPORTO-CIE-CON-INDIRIZZO.pdf\">atto di assenso<\/a><\/strong> firmato del genitore non presente, con firma autenticata presso le Autorit\u00e0 locali o, se residente in altro Stato, presso il competente Ufficio diplomatico-consolare italiano.<\/li>\n<\/ol>\n<p style=\"text-align: justify;\"><strong>COSA FARE IL GIORNO DELL\u2019APPUNTAMENTO?<\/strong><\/p>\n<ul style=\"text-align: justify;\">\n<li>Presentarsi all\u2019ingresso del Consolato Generale\u00a0<strong>15 minuti prima <\/strong>dell\u2019orario dell\u2019appuntamento. Non potranno essere introdotti animali, valigie o mezzi di trasporto (incluse biciclette o monopattini).<\/li>\n<li>L\u2019accesso \u00e8 consentito esclusivamente al richiedente e alla\u00a0<strong>persona accompagnatrice soltanto qualora il richiedente necessiti di specifica assistenza<\/strong>.<\/li>\n<li>Nel caso in cui l\u2019appuntamento sia stato fissato per un\u00a0<strong>minorenne<\/strong>, quest\u2019ultimo deve essere\u00a0<strong>accompagnato da almeno uno dei genitori <\/strong>(o dal genitore\/tutore che esercita in modo esclusivo la responsabilit\u00e0 genitoriale)<strong>.<\/strong><\/li>\n<li>Se il passaporto \u00e8 per un minore, la sua presenza \u00e8 necessaria.<\/li>\n<\/ul>\n<p style=\"text-align: justify;\"><strong>QUAL E\u2019 LA VALIDITA\u2019 \u00a0TEMPORALE DEL PASSAPORTO?<\/strong><\/p>\n<ul style=\"text-align: justify;\">\n<li>3 anni per i minorenni di et\u00e0 inferiore ai 3 anni;<\/li>\n<li>5 anni per i minorenni la cui et\u00e0 \u00e8 compresa tra i 3 e i 18 anni;<\/li>\n<li>10 anni per i maggiorenni.<\/li>\n<\/ul>\n<p style=\"text-align: justify;\">Eventuali<u> cambi di indirizzo non comportano il rilascio di un nuovo passaporto<\/u>\u00a0ma semplicemente l\u2019annotazione da parte dell\u2019Ufficio consolare del nuovo comune di residenza nell\u2019apposita sezione del passaporto in corso di validit\u00e0.<\/p>\n<p style=\"text-align: justify;\"><strong>COME E QUANDO SI RICEVE IL PASSAPORTO?<\/strong><\/p>\n<p style=\"text-align: justify;\">Se il dossier consolare \u00e8 aggiornato e non emergono cause ostative al rilascio, il passaporto viene generalmente rilasciato lo stesso giorno dell\u2019appuntamento.<\/p>\n<p style=\"text-align: justify;\"><strong>QUANTO COSTA IL PASSAPORTO E COME SI PAGA?<\/strong><\/p>\n<p style=\"text-align: justify;\">Il passaporto costa\u00a0<strong>116,20 euro<\/strong>.\u00a0 In caso di rilascio di passaporto in urgenza andranno inoltre corrisposti i diritti d\u2019urgenza pari a 50,00 euro.<\/p>\n<p style=\"text-align: justify;\">Il pagamento viene effettuato presso l\u2019Ufficio consolare il giorno dell\u2019appuntamento preferibilmente a mezzo carta di debito (Bancontact). Pagamenti in contanti non possono essere accettati se non in casi eccezionali e preventivamente accordati.<\/p>\n<p style=\"text-align: justify;\"><strong>DICHIARAZIONE DI ACCOMPAGNAMENTO PER MINORI DI 14 ANNI CHE NON VIAGGIANO CON I GENITORI<\/strong><\/p>\n<p style=\"text-align: justify;\">Il rilascio avviene su appuntamento da fissare su <a href=\"https:\/\/prenotami.esteri.it\/\"><strong>Prenot@mi<\/strong><\/a> per il servizio &#8220;Documenti di viaggio\/ Passaporti&#8221; specificando nel campo &#8220;Note&#8221; che si tratta di una richiesta di dichiarazione di accompagnamento. Documentazione da presentare:<\/p>\n<ul>\n<li><strong><a href=\"https:\/\/consbruxelles.esteri.it\/wp-content\/uploads\/2026\/02\/Dichiarazione.pdf\">Modulo di richiesta<\/a><\/strong><\/li>\n<li>Copia dei titoli di viaggio<\/li>\n<li>Copia dei documenti di identit\u00e0 del minore, dei genitori e dell&#8217;accompagnatore<\/li>\n<\/ul>\n<p style=\"text-align: justify;\">I minori di 14 anni possono viaggiare in compagnia di una persona (o compagnia di trasporto) diversa dai genitori o di chi ne fa le veci solo se in possesso di tale dichiarazione\u00a0 rilasciata dalla competente autorit\u00e0, italiana o belga, attestante il nome della persona\/compagnia di trasporto a cui i minori sono affidati.<\/p>\n<p style=\"text-align: justify;\"><strong>QUAL E\u2019 LA PRINCIPALE NORMATIVA DI RIFERIMENTO?<\/strong><\/p>\n<ul style=\"text-align: justify;\">\n<li>Legge 21 novembre 1967, n. 1185. Norme sui passaporti (modificata dalla Legge 16 gennaio 2003, n. 3 e dal Decreto-legge 25 settembre 2009, n. 135, convertito in Legge 20 novembre 2009, n. 166).<\/li>\n<li>Decreto legislativo 3 febbraio 2011, n. 71. Ordinamento e funzioni degli Uffici consolari.<\/li>\n<\/ul>\n","protected":false},"excerpt":{"rendered":"Il passaporto viene utilizzato per identificarsi e viaggiare in tutti i Paesi i cui governi sono riconosciuti dal governo italiano. Per fare ingresso in determinati Paesi \u00e8 comunque necessario ottenere un visto da richiedere alle Autorit\u00e0 del Paese nel quale si desidera recarsi.\u00a0 Per circolare nell\u2019Unione europea, in alcuni Stati aderenti all\u2019Accordo di Schengen e [&hellip;]","protected":false},"author":1,"featured_media":0,"parent":59,"menu_order":0,"comment_status":"closed","ping_status":"closed","template":"","meta":{"footnotes":""},"class_list":["post-67","page","type-page","status-publish","hentry"],"_links":{"self":[{"href":"https:\/\/consbruxelles.esteri.it\/it\/wp-json\/wp\/v2\/pages\/67","targetHints":{"allow":["GET"]}}],"collection":[{"href":"https:\/\/consbruxelles.esteri.it\/it\/wp-json\/wp\/v2\/pages"}],"about":[{"href":"https:\/\/consbruxelles.esteri.it\/it\/wp-json\/wp\/v2\/types\/page"}],"author":[{"embeddable":true,"href":"https:\/\/consbruxelles.esteri.it\/it\/wp-json\/wp\/v2\/users\/1"}],"replies":[{"embeddable":true,"href":"https:\/\/consbruxelles.esteri.it\/it\/wp-json\/wp\/v2\/comments?post=67"}],"version-history":[{"count":7,"href":"https:\/\/consbruxelles.esteri.it\/it\/wp-json\/wp\/v2\/pages\/67\/revisions"}],"predecessor-version":[{"id":3787,"href":"https:\/\/consbruxelles.esteri.it\/it\/wp-json\/wp\/v2\/pages\/67\/revisions\/3787"}],"up":[{"embeddable":true,"href":"https:\/\/consbruxelles.esteri.it\/it\/wp-json\/wp\/v2\/pages\/59"}],"wp:attachment":[{"href":"https:\/\/consbruxelles.esteri.it\/it\/wp-json\/wp\/v2\/media?parent=67"}],"curies":[{"name":"wp","href":"https:\/\/api.w.org\/{rel}","templated":true}]}}