{"id":63,"date":"2023-04-03T19:26:04","date_gmt":"2023-04-03T17:26:04","guid":{"rendered":"https:\/\/consolatozurigo.esteri.it\/?page_id=63"},"modified":"2024-06-24T07:02:44","modified_gmt":"2024-06-24T05:02:44","slug":"fare-affari-in-spagna","status":"publish","type":"page","link":"https:\/\/consbruxelles.esteri.it\/it\/italia-e-belgio\/diplomazia-economica\/fare-affari-in-spagna\/","title":{"rendered":"Fare affari in Belgio"},"content":{"rendered":"<p style=\"text-align: justify;\">Il Belgio ha saputo sfruttare al meglio il suo vantaggio geografico, trasformandosi in uno dei maggiori snodi logistici mondiali, grazie a una fitta rete autostradale, ferroviaria, fluviale e aeroportuale. Snodo fondamentale del sistema intermodale di connessione logistica del Belgio \u00e8 il porto di Anversa, al 2\u00b0 posto in Europa dopo Rotterdam.<\/p>\n<p style=\"text-align: justify;\">Oltre ai settori tradizionali (chimico-farmaceutico, industria pesante e automotive), logistica, ICT, biotecnologie ed energie rinnovabili stanno trainando il Belgio nell&#8217;economia globalizzata del XXI secolo.<\/p>\n<p style=\"text-align: justify;\">Il paese risulta fra i pi\u00f9 attrattivi, globalizzati e fiscalmente interessanti dell&#8217;Eurozona, grazie a provvedimenti legislativi che favoriscono l&#8217;imprenditoria e la fiscalit\u00e0 per le imprese, come detrazioni ed esenzioni per gli investimenti in Ricerca e Sviluppo.<\/p>\n<p style=\"text-align: justify;\">Numerosi parchi scientifici &#8211; spesso in prossimit\u00e0 dei grandi centri universitari &#8211; sono aperti ad imprese, anche straniere, di alta tecnologia, la cui attivit\u00e0 \u00e8 incentrata su Ricerca e Sviluppo.<\/p>\n<p style=\"text-align: justify;\">Per maggiori informazioni sull\u2019economia del Belgio e su come fare affari nel Paese si possono consultare:<\/p>\n<ul>\n<li style=\"text-align: justify;\">la pagina <a href=\"https:\/\/www.infomercatiesteri.it\/\/public\/osservatorio\/schede-sintesi\/belgio_59.pdf\"><strong>Belgio dell\u2019Osservatorio Economico<\/strong><\/a> del Ministero degli Affari Esteri e della Cooperazione Internazionale (dati statistici su interscambio e IDE)<\/li>\n<li style=\"text-align: justify;\">la pagina <a href=\"https:\/\/www.infomercatiesteri.it\/paese.php?id_paesi=59\"><strong>Belgio di infoMercatiEsteri<\/strong><\/a> del Ministero degli Affari Esteri e della Cooperazione Internazionale (outlook economico e politico; opportunit\u00e0 di mercato e possibilit\u00e0 di partnership con aziende locali e\/o italiane; iniziative promozionali; ostacoli agli scambi, criticit\u00e0 negli investimenti e possibili rischi; accesso al credito; quadro delle presenza italiana e dei rapporti bilaterali)<\/li>\n<li style=\"text-align: justify;\">la pagina <strong><a href=\"https:\/\/www.belgium.be\/en\/economy\">Belgium.be &#8211; economia<\/a> <\/strong>del Governo Federale Belga<\/li>\n<\/ul>\n","protected":false},"excerpt":{"rendered":"Il Belgio ha saputo sfruttare al meglio il suo vantaggio geografico, trasformandosi in uno dei maggiori snodi logistici mondiali, grazie a una fitta rete autostradale, ferroviaria, fluviale e aeroportuale. Snodo fondamentale del sistema intermodale di connessione logistica del Belgio \u00e8 il porto di Anversa, al 2\u00b0 posto in Europa dopo Rotterdam. Oltre ai settori tradizionali [&hellip;]","protected":false},"author":1,"featured_media":0,"parent":40,"menu_order":0,"comment_status":"closed","ping_status":"closed","template":"","meta":{"footnotes":""},"class_list":["post-63","page","type-page","status-publish","hentry"],"_links":{"self":[{"href":"https:\/\/consbruxelles.esteri.it\/it\/wp-json\/wp\/v2\/pages\/63","targetHints":{"allow":["GET"]}}],"collection":[{"href":"https:\/\/consbruxelles.esteri.it\/it\/wp-json\/wp\/v2\/pages"}],"about":[{"href":"https:\/\/consbruxelles.esteri.it\/it\/wp-json\/wp\/v2\/types\/page"}],"author":[{"embeddable":true,"href":"https:\/\/consbruxelles.esteri.it\/it\/wp-json\/wp\/v2\/users\/1"}],"replies":[{"embeddable":true,"href":"https:\/\/consbruxelles.esteri.it\/it\/wp-json\/wp\/v2\/comments?post=63"}],"version-history":[{"count":6,"href":"https:\/\/consbruxelles.esteri.it\/it\/wp-json\/wp\/v2\/pages\/63\/revisions"}],"predecessor-version":[{"id":953,"href":"https:\/\/consbruxelles.esteri.it\/it\/wp-json\/wp\/v2\/pages\/63\/revisions\/953"}],"up":[{"embeddable":true,"href":"https:\/\/consbruxelles.esteri.it\/it\/wp-json\/wp\/v2\/pages\/40"}],"wp:attachment":[{"href":"https:\/\/consbruxelles.esteri.it\/it\/wp-json\/wp\/v2\/media?parent=63"}],"curies":[{"name":"wp","href":"https:\/\/api.w.org\/{rel}","templated":true}]}}