{"id":62,"date":"2023-04-03T19:25:23","date_gmt":"2023-04-03T17:25:23","guid":{"rendered":"https:\/\/consolatozurigo.esteri.it\/?page_id=62"},"modified":"2024-08-13T13:40:27","modified_gmt":"2024-08-13T11:40:27","slug":"servizi-per-il-cittadino-straniero","status":"publish","type":"page","link":"https:\/\/consbruxelles.esteri.it\/it\/servizi-consolari-e-visti\/servizi-per-il-cittadino-straniero\/","title":{"rendered":"Servizi per il cittadino straniero"},"content":{"rendered":"<p>Ambasciate e Consolati erogano servizi anche a favore di cittadini stranieri. Tra questi l\u2019emissione dei visti di ingresso in Italia e nell\u2019area Schengen, il rilascio di documentazione amministrativa come le legalizzazioni di documenti, le certificazioni di esistenza in vita e di conformit\u00e0 delle traduzioni di atti. Inoltre, nei casi previsti dalla normativa vigente, le Ambasciate e Consolati provvedono alla trasmissione di atti e documenti alle Autorit\u00e0 italiane.<\/p>\n<p>&nbsp;<\/p>\n<p>ORARIO DI APERTURA AL PUBBLICO<\/p>\n<p><strong>Mattina\u00a0\u2013\u00a0<\/strong>Luned\u00ec, Marted\u00ec, Mercoled\u00ec, Gioved\u00ec, Venerd\u00ec <strong>dalle h. 09.00 alle h.12.30<\/strong><\/p>\n<p><strong>Pomeriggio\u00a0\u2013\u00a0<\/strong>Mercoled\u00ec<strong>\u00a0 dalle h. 14.00 alle h. 16.00<\/strong><\/p>\n","protected":false},"excerpt":{"rendered":"Ambasciate e Consolati erogano servizi anche a favore di cittadini stranieri. Tra questi l\u2019emissione dei visti di ingresso in Italia e nell\u2019area Schengen, il rilascio di documentazione amministrativa come le legalizzazioni di documenti, le certificazioni di esistenza in vita e di conformit\u00e0 delle traduzioni di atti. Inoltre, nei casi previsti dalla normativa vigente, le Ambasciate [&hellip;]","protected":false},"author":1,"featured_media":0,"parent":16,"menu_order":2,"comment_status":"closed","ping_status":"closed","template":"","meta":{"footnotes":""},"class_list":["post-62","page","type-page","status-publish","hentry"],"_links":{"self":[{"href":"https:\/\/consbruxelles.esteri.it\/it\/wp-json\/wp\/v2\/pages\/62","targetHints":{"allow":["GET"]}}],"collection":[{"href":"https:\/\/consbruxelles.esteri.it\/it\/wp-json\/wp\/v2\/pages"}],"about":[{"href":"https:\/\/consbruxelles.esteri.it\/it\/wp-json\/wp\/v2\/types\/page"}],"author":[{"embeddable":true,"href":"https:\/\/consbruxelles.esteri.it\/it\/wp-json\/wp\/v2\/users\/1"}],"replies":[{"embeddable":true,"href":"https:\/\/consbruxelles.esteri.it\/it\/wp-json\/wp\/v2\/comments?post=62"}],"version-history":[{"count":6,"href":"https:\/\/consbruxelles.esteri.it\/it\/wp-json\/wp\/v2\/pages\/62\/revisions"}],"predecessor-version":[{"id":1437,"href":"https:\/\/consbruxelles.esteri.it\/it\/wp-json\/wp\/v2\/pages\/62\/revisions\/1437"}],"up":[{"embeddable":true,"href":"https:\/\/consbruxelles.esteri.it\/it\/wp-json\/wp\/v2\/pages\/16"}],"wp:attachment":[{"href":"https:\/\/consbruxelles.esteri.it\/it\/wp-json\/wp\/v2\/media?parent=62"}],"curies":[{"name":"wp","href":"https:\/\/api.w.org\/{rel}","templated":true}]}}