{"id":41,"date":"2023-04-03T19:17:04","date_gmt":"2023-04-03T17:17:04","guid":{"rendered":"https:\/\/consolatozurigo.esteri.it\/?page_id=41"},"modified":"2024-06-24T06:13:29","modified_gmt":"2024-06-24T04:13:29","slug":"diplomazia-culturale","status":"publish","type":"page","link":"https:\/\/consbruxelles.esteri.it\/it\/italia-e-belgio\/diplomazia-culturale\/","title":{"rendered":"Diplomazia culturale"},"content":{"rendered":"<p style=\"text-align: justify;\">Le relazioni culturali tra Italia e Belgio sono particolarmente ricche e affondano le proprie radici nel tempo. Questi due paesi condividono infatti legami profondi nei settori della cultura e della lingua e l\u2019Italia \u00e8 particolarmente apprezzata per l\u2019immenso patrimonio storico e per la sua arte.<\/p>\n<p style=\"text-align: justify;\">L&#8217;influenza degli artisti italiani in Belgio ha una lunga storia: sin dal Rinascimento, numerosi di essi hanno arricchito significativamente la scena culturale belga. Gi\u00e0 dal XV secolo, gli scambi fra artisti fiamminghi e italiani erano particolarmente vivi, tali da influenzare reciprocamente tecniche e stili.<\/p>\n<p style=\"text-align: justify;\">Nel corso dei secoli successivi, gli artisti italiani hanno continuato a lasciare il segno nella pittura, scultura, architettura e musica, sino ai giorni nostri, dove la loro influenza continua a essere visibile con mostre, collaborazioni culturali e residenze d\u2019artista.<\/p>\n<p style=\"text-align: justify;\">Anche la lingua italiana ha una presenza storica significativa, contribuendo alla diversit\u00e0 linguistica e culturale del paese. Sebbene non sia una delle lingue ufficiali riconosciute dal governo belga, l&#8217;italiano \u00e8 parlato da molte persone. La sua diffusione risale al Rinascimento, quando l&#8217;Italia era al centro dell&#8217;arte, della cultura e del commercio in Europa e diversi artisti, mercanti e uomini di cultura italiani si stabilirono in Belgio, portando con s\u00e9 la lingua e contribuendo alla formazione di gruppi italofoni nelle principali citt\u00e0.<\/p>\n<p style=\"text-align: justify;\">Oggi, l&#8217;italiano \u00e8 parlato principalmente fra le comunit\u00e0 di origine italiana, arricchitesi con le migrazioni del secondo dopoguerra e presenti nelle citt\u00e0 belghe quali Bruxelles, Anversa e Liegi, oltre che in centri minori. Queste comunit\u00e0 mantengono vive le tradizioni con eventi culturali, festival, cucina e celebrazioni religiose, che riflettono la ricca eredit\u00e0 culturale d\u2019origine.<\/p>\n<p style=\"text-align: justify;\">L\u2019italiano \u00e8 anche insegnato in diverse scuole e universit\u00e0 belghe come lingua straniera o seconda lingua.<\/p>\n<p style=\"text-align: justify;\">Nella societa&#8217; contemporanea, le relazioni bilaterali si arricchiscono grazie a collaborazioni culturali, scambi artistici e partnership accademiche. L&#8217;importanza degli scambi culturali non si limita alla promozione dell&#8217;arte e della cultura ma contribuisce anche alla cooperazione politica ed economica tra Italia e Belgio: attraverso il dialogo interculturale e numerose collaborazioni, i due paesi si trovano spesso a affrontare sfide globali condividendo obiettivi e punti di partenza e a lavorare per costruire un futuro basato sulla comprensione reciproca e il rispetto delle diversit\u00e0.<\/p>\n<p style=\"text-align: justify;\">Per approfondimenti:<\/p>\n<p><strong>Ambasciata d&#8217;Italia in Belgio<\/strong> &#8211; <a href=\"https:\/\/ambbruxelles.esteri.it\/it\/italia-e-belgio\/diplomazia-culturale\/\">Pagina Diplomazia Cuturale<\/a><\/p>\n<p><strong>Istituto italiano di Cultura di Bruxelles <\/strong>&#8211; <a href=\"https:\/\/iicbruxelles.esteri.it\/it\/\">Sito Ufficiale<\/a><\/p>\n<p><strong>Societ\u00e0 Dante Alighieri<\/strong> &#8211; <a href=\"https:\/\/www.dante.global\/it\/contatti\">Comitati in Belgio<\/a><\/p>\n<p>&nbsp;<\/p>\n<p>&nbsp;<\/p>\n<p>&nbsp;<\/p>\n","protected":false},"excerpt":{"rendered":"Le relazioni culturali tra Italia e Belgio sono particolarmente ricche e affondano le proprie radici nel tempo. Questi due paesi condividono infatti legami profondi nei settori della cultura e della lingua e l\u2019Italia \u00e8 particolarmente apprezzata per l\u2019immenso patrimonio storico e per la sua arte. L&#8217;influenza degli artisti italiani in Belgio ha una lunga storia: [&hellip;]","protected":false},"author":1,"featured_media":0,"parent":15,"menu_order":2,"comment_status":"closed","ping_status":"closed","template":"","meta":{"footnotes":""},"class_list":["post-41","page","type-page","status-publish","hentry"],"_links":{"self":[{"href":"https:\/\/consbruxelles.esteri.it\/it\/wp-json\/wp\/v2\/pages\/41","targetHints":{"allow":["GET"]}}],"collection":[{"href":"https:\/\/consbruxelles.esteri.it\/it\/wp-json\/wp\/v2\/pages"}],"about":[{"href":"https:\/\/consbruxelles.esteri.it\/it\/wp-json\/wp\/v2\/types\/page"}],"author":[{"embeddable":true,"href":"https:\/\/consbruxelles.esteri.it\/it\/wp-json\/wp\/v2\/users\/1"}],"replies":[{"embeddable":true,"href":"https:\/\/consbruxelles.esteri.it\/it\/wp-json\/wp\/v2\/comments?post=41"}],"version-history":[{"count":6,"href":"https:\/\/consbruxelles.esteri.it\/it\/wp-json\/wp\/v2\/pages\/41\/revisions"}],"predecessor-version":[{"id":918,"href":"https:\/\/consbruxelles.esteri.it\/it\/wp-json\/wp\/v2\/pages\/41\/revisions\/918"}],"up":[{"embeddable":true,"href":"https:\/\/consbruxelles.esteri.it\/it\/wp-json\/wp\/v2\/pages\/15"}],"wp:attachment":[{"href":"https:\/\/consbruxelles.esteri.it\/it\/wp-json\/wp\/v2\/media?parent=41"}],"curies":[{"name":"wp","href":"https:\/\/api.w.org\/{rel}","templated":true}]}}