{"id":36,"date":"2023-04-03T19:15:47","date_gmt":"2023-04-03T17:15:47","guid":{"rendered":"https:\/\/consolatozurigo.esteri.it\/?page_id=36"},"modified":"2025-11-17T14:03:51","modified_gmt":"2025-11-17T13:03:51","slug":"gli-uffici","status":"publish","type":"page","link":"https:\/\/consbruxelles.esteri.it\/it\/chi-siamo\/gli-uffici\/","title":{"rendered":"Gli Uffici"},"content":{"rendered":"<p style=\"text-align: justify;\"><strong>ORARIO DI APERTURA AL PUBBLICO :<\/strong><\/p>\n<p style=\"text-align: justify;\"><strong>Mattina \u2013 Luned\u00ec, Marted\u00ec, Mercoled\u00ec, Gioved\u00ec, Venerd\u00ec dalle 09.00 alle 12.30;<\/strong><\/p>\n<p style=\"text-align: justify;\"><strong>Pomeriggio \u2013 Mercoled\u00ec 14.00 alle 16.00<\/strong><\/p>\n<p><span class=\"baec5a81-e4d6-4674-97f3-e9220f0136c1\">Il Consolato Generale d\u2019Italia \u00e8 raggiungibile al numero telefonico <\/span><strong><span class=\"baec5a81-e4d6-4674-97f3-e9220f0136c1\">+32<\/span><span class=\"baec5a81-e4d6-4674-97f3-e9220f0136c1\">\u00a02 5431 550<\/span><\/strong><\/p>\n<p>&nbsp;<\/p>\n<p><strong><a href=\"https:\/\/consbruxelles.esteri.it\/wp-content\/uploads\/2024\/10\/Calendario-Festivita.2024.pdf\">Festivit\u00e0 civili e religiose osservate nel 2024<\/a><\/strong><\/p>\n<p style=\"text-align: justify;\"><a href=\"https:\/\/consbruxelles.esteri.it\/wp-content\/uploads\/2024\/10\/Festivita-2025.pdf\"><strong>Festivit\u00e0 civili e religiose osservate nel 2025<\/strong><\/a><\/p>\n<p><strong><a href=\"https:\/\/consbruxelles.esteri.it\/wp-content\/uploads\/2025\/10\/Calendario-Festivita-2026.pdf\">Festivit\u00e0 civili e religiose osservate nel 2026<\/a><\/strong><\/p>\n<p>&nbsp;<\/p>\n<p>Console Generale: <strong>Francesco Varriale<\/strong><\/p>\n<p>Vicaria: Dott.ssa <strong>Cristiana Cuneo<\/strong><\/p>\n<p>&nbsp;<\/p>\n<p style=\"text-align: justify;\"><span style=\"text-decoration: underline;\"><strong>UFFICI:<\/strong><\/span><\/p>\n<p style=\"text-align: justify;\"><strong>A.I.R.E<\/strong>. (Anagrafe Italiani Residenti all\u2019Estero): <a href=\"mailto:aire.bruxelles@esteri.it\">aire.bruxelles@esteri.it<\/a><\/p>\n<p style=\"text-align: justify;\"><strong>Assistenza\/Sociale\/Titoli di studio\/Decessi\/Navigazione<\/strong>:\u00a0<a href=\"mailto:sociale.bruxelles@esteri.it\">sociale.bruxelles@esteri.it<\/a><\/p>\n<p style=\"text-align: justify;\"><strong>Carte d\u2019identit\u00e0<\/strong>: \u00a0<a href=\"mailto:passaporti.bruxelles@esteri.it\">passaporti.bruxelles@esteri.it<\/a><\/p>\n<p style=\"text-align: justify;\"><strong>Cittadinanza<\/strong>:\u00a0<a href=\"mailto:cittadinanza.bruxelles@esteri.it\">cittadinanza.bruxelles@esteri.it<\/a><\/p>\n<p style=\"text-align: justify;\"><strong>Elettorale<\/strong>:\u00a0<a href=\"mailto:aire.bruxelles@esteri.it\">bruxelles.elezioni@esteri.it<\/a><\/p>\n<p style=\"text-align: justify;\"><strong>Passaporti<\/strong>:\u00a0<a href=\"mailto:passaporti.bruxelles@esteri.it\">passaporti.bruxelles@esteri.it<\/a><\/p>\n<p><strong>Notifiche\/Adozioni\/Cambio di nome e cognome\/Cambio di genere<\/strong>: <a href=\"mailto:notifiche.bruxelles@esteri.it\">notifiche.bruxelles@esteri.it<\/a><\/p>\n<p style=\"text-align: justify;\"><strong>Certificati<\/strong>:\u00a0<a href=\"mailto:bruxelles.certificat@esteri.it\">bruxelles.certificat@esteri.it<\/a><\/p>\n<p style=\"text-align: justify;\"><strong>Stato civile:<\/strong>\u00a0<a href=\"mailto:statocivile.bruxelles@esteri.it\">statocivile.bruxelles@esteri.it<\/a><\/p>\n<p style=\"text-align: justify;\"><strong>Visti<\/strong>:\u00a0<a href=\"mailto:visti.bruxelles@esteri.it\">visti.bruxelles@esteri.it<\/a><\/p>\n<p><a href=\"https:\/\/consbruxelles.esteri.it\/it\/italia-e-belgio\/diplomazia-culturale\/ufficio-scolastico\/\"><strong>Ufficio Scolastico<\/strong><\/a>: <a href=\"mailto:corsi.bruxelles@esteri.it\">corsi.bruxelles@esteri.it<\/a><\/p>\n<p>&nbsp;<\/p>\n<p style=\"text-align: justify;\"><strong>INDIRIZZI DI POSTA ELETTRONICA CERTIFICATA (PEC)<\/strong><\/p>\n<p style=\"text-align: justify;\"><em><strong>N.B. gli indirizzi di posta elettronica certificata del Consolato Generale sono abilitati esclusivamente alla ricezione di posta elettronica certificata (PEC)<\/strong><\/em><\/p>\n<p><strong>AIRE\/elettorale<\/strong>: <a href=\"mailto:con.bruxelles.anagrafe@cert.esteri.it\">con.bruxelles.anagrafe@cert.esteri.it<\/a><\/p>\n<p><strong>Stato civile\/cittadinanza<\/strong>: <a href=\"mailto:cons.bruxelles.statocivile@cert.esteri.it\">cons.bruxelles.statocivile@cert.esteri.it<\/a><\/p>\n<p><strong>Documenti di viaggio <\/strong>(passaporti, carte di identit\u00e0, ETD): <a href=\"mailto:con.bruxelles.pass@cert.esteri.it\">con.bruxelles.pass@cert.esteri.it<\/a><\/p>\n<p><strong>Tutti gli altri argomenti: <\/strong><a href=\"mailto:con.bruxelles@cert.esteri.it\">con.bruxelles@cert.esteri.it<\/a><\/p>\n<p>&nbsp;<\/p>\n<p>Si segnala che dal 1 giugno 2025 i seguenti indirizzi di posta certificata verranno disattivati:<\/p>\n<p><a href=\"mailto:amb.bruxelles.consolare@cert.esteri.it\">amb.bruxelles.consolare@cert.esteri.it<\/a><\/p>\n<p><a href=\"mailto:con.bruxelles.cie@cert.esteri.it\">con.bruxelles.cie@cert.esteri.it<\/a><\/p>\n<p><a href=\"mailto:amb.bruxelles.notifiche@cert.esteri.it\">amb.bruxelles.notifiche@cert.esteri.it<\/a><\/p>\n<p style=\"text-align: justify;\">Pertanto le comunicazione inviate a tali indirizzi non saranno lette dal Consolato Generale<\/p>\n<p style=\"text-align: justify;\">_______________________________________________________________________________<\/p>\n<p style=\"text-align: justify;\"><em>Il personale dell\u2019Ambasciata nell\u2019espletamento del proprio servizio si attiene all\u2019art. 13 del Codice Disciplinare del vigente CCNL comparto Ministeri nonch\u00e9 al Codice di comportamento dei dipendenti delle Pubbliche amministrazioni.<\/em><\/p>\n<p style=\"text-align: justify;\">_______________________________________________________________________________<\/p>\n<p>&nbsp;<\/p>\n<p>&nbsp;<\/p>\n<p>&nbsp;<\/p>\n","protected":false},"excerpt":{"rendered":"ORARIO DI APERTURA AL PUBBLICO : Mattina \u2013 Luned\u00ec, Marted\u00ec, Mercoled\u00ec, Gioved\u00ec, Venerd\u00ec dalle 09.00 alle 12.30; Pomeriggio \u2013 Mercoled\u00ec 14.00 alle 16.00 Il Consolato Generale d\u2019Italia \u00e8 raggiungibile al numero telefonico +32\u00a02 5431 550 &nbsp; Festivit\u00e0 civili e religiose osservate nel 2024 Festivit\u00e0 civili e religiose osservate nel 2025 Festivit\u00e0 civili e religiose osservate [&hellip;]","protected":false},"author":1,"featured_media":0,"parent":13,"menu_order":6,"comment_status":"closed","ping_status":"closed","template":"","meta":{"footnotes":""},"class_list":["post-36","page","type-page","status-publish","hentry"],"_links":{"self":[{"href":"https:\/\/consbruxelles.esteri.it\/it\/wp-json\/wp\/v2\/pages\/36","targetHints":{"allow":["GET"]}}],"collection":[{"href":"https:\/\/consbruxelles.esteri.it\/it\/wp-json\/wp\/v2\/pages"}],"about":[{"href":"https:\/\/consbruxelles.esteri.it\/it\/wp-json\/wp\/v2\/types\/page"}],"author":[{"embeddable":true,"href":"https:\/\/consbruxelles.esteri.it\/it\/wp-json\/wp\/v2\/users\/1"}],"replies":[{"embeddable":true,"href":"https:\/\/consbruxelles.esteri.it\/it\/wp-json\/wp\/v2\/comments?post=36"}],"version-history":[{"count":8,"href":"https:\/\/consbruxelles.esteri.it\/it\/wp-json\/wp\/v2\/pages\/36\/revisions"}],"predecessor-version":[{"id":3045,"href":"https:\/\/consbruxelles.esteri.it\/it\/wp-json\/wp\/v2\/pages\/36\/revisions\/3045"}],"up":[{"embeddable":true,"href":"https:\/\/consbruxelles.esteri.it\/it\/wp-json\/wp\/v2\/pages\/13"}],"wp:attachment":[{"href":"https:\/\/consbruxelles.esteri.it\/it\/wp-json\/wp\/v2\/media?parent=36"}],"curies":[{"name":"wp","href":"https:\/\/api.w.org\/{rel}","templated":true}]}}