{"id":307,"date":"2024-05-28T13:24:10","date_gmt":"2024-05-28T11:24:10","guid":{"rendered":"https:\/\/consbruxelles.esteri.it\/?page_id=307"},"modified":"2026-02-02T14:59:24","modified_gmt":"2026-02-02T13:59:24","slug":"dichiarazioni-di-valore-dei-titoli-di-studio-stranieri","status":"publish","type":"page","link":"https:\/\/consbruxelles.esteri.it\/it\/servizi-consolari-e-visti\/servizi-per-il-cittadino-italiano\/dichiarazioni-di-valore-dei-titoli-di-studio-stranieri\/","title":{"rendered":"Titoli di Studio (Dichiarazioni di valore, Diplomi, Lauree)"},"content":{"rendered":"<p><strong>DICHIARAZIONI DI VALORE \u2013 DIPLOMI<\/strong><\/p>\n<p><strong>Cos\u2019\u00e8 la dichiarazione di valore?<\/strong><\/p>\n<p>La dichiarazione di valore \u00e8 l\u2019attestazione da parte del Consolato Generale del livello di studi raggiunto dall\u2019allievo nell\u2019ambito dell\u2019istituzione scolastica del Paese straniero.<\/p>\n<p>Tale certificazione viene prodotta esclusivamente su titoli finali emanati dagli istituti d\u2019istruzione legalmente riconosciuti in Belgio e situati nella circoscrizione consolare di questo Consolato.<\/p>\n<p>Per gli Istituti posti in altre zone del Belgio (ad es. Namur, Mons, Liegi o Charleroi) bisogna contattare per le relative informazioni direttamente il Consolato Generale d\u2019Italia in Charleroi.<\/p>\n<p>Si fa presente che il\u00a0<strong>CIMEA<\/strong>\u00a0(<strong>Centro di Informazione sulla Mobilit\u00e0 e le Equivalenze Accademiche<\/strong>) offre la possibilit\u00e0 di richiedere, on line,\u00a0<strong>Attestati di comparabilit\u00e0<\/strong>\u00a0e\u00a0<strong>Verifica dei Titoli<\/strong>\u00a0sia per i riconoscimenti accademici che per quelli non accademici:\u00a0\u00a0<a href=\"https:\/\/www.cimea.it\/pagina-attestati-di-comparabilita-e-verifica-dei-titoli\">https:\/\/www.cimea.it\/pagina-attestati-di-comparabilita-e-verifica-dei-titoli<\/a>.<\/p>\n<p>Tali attestati di comparabilit\u00e0 rilasciati dal CIMEA sono accettati da varie universit\u00e0\u00a0<a href=\"https:\/\/www.cimea.it\/pagina-attestati-universita\">https:\/\/www.cimea.it\/pagina-attestati-universita<\/a>\u00a0e da varie istituzioni (riconoscimenti non accademici come ad esempio per concorsi pubblici e per fini previdenziali)\u00a0<a href=\"https:\/\/www.cimea.it\/pagina-riconoscimento-non-accademico\">https:\/\/www.cimea.it\/pagina-riconoscimento-non-accademico<\/a>.<\/p>\n<p>&nbsp;<\/p>\n<p><strong>Chi pu\u00f2 richiedere la dichiarazione di valore?<\/strong><\/p>\n<p>I cittadini stranieri ed italiani, \u00a0indipendentemente dalla residenza, possono inoltrare richiesta di rilascio della dichiarazione di valore per ottenere, in Italia, il riconoscimento scolastico, accademico o professionale dei certificati di studio e dei diplomi belga conseguiti in questa Circoscrizione consolare.<\/p>\n<p>&nbsp;<\/p>\n<p><strong>PROCEDURA PER RILASCIO DICHIARAZIONE DI VALORE RELATIVA A TITOLI DI STUDIO CONSEGUITI NELLA CIRCOSCRIZIONE CONSOLARE DI BRUXELLES<\/strong>.<\/p>\n<p><strong>(si pregano i gentili utenti di provvedere alle richieste con congruo anticipo rispetto alle scadenze per le <em>iscrizione all\u2019universit\u00e0 , corsi di studio <\/em>, concorsi ecc)<\/strong><\/p>\n<p><strong><em><u>Predisporre la seguente documentazione:<\/u><\/em><\/strong><\/p>\n<p>1 &#8211;\u00a0\u00a0<strong>Compilare il <a href=\"https:\/\/consbruxelles.esteri.it\/wp-content\/uploads\/2025\/01\/MOD-RICH-DICHARAZIONE-VALORE.pdf\">modulo di domanda<\/a><\/strong>\u00a0;<\/p>\n<p>2 &#8211; Allegare\u00a0<strong>copia fronte\/retro\u00a0 di un documento valido di identit\u00e0 personale<\/strong>;<\/p>\n<p>3 &#8211;\u00a0Allegare gli\u00a0<strong>originali o le copie autentiche del titolo di studio.\u00a0\u00a0<\/strong>Le copie autentiche devono essere<strong>\u00a0rilasciate\u00a0<\/strong>o dalla stessa<strong>\u00a0ISTITUZIONE D\u2019ISTRUZIONE (<\/strong>che deve\u00a0certificarlo espressamente\u00a0 conforme all\u2019originale)<strong>\u00a0<\/strong>o<strong> da un AUTORITA&#8217; ITALIANA\u00a0<\/strong>o<strong>\u00a0da questo CONSOLATO GENERALE<\/strong>;<\/p>\n<p>4- Allegare\u00a0<strong>copia semplice dell\u2019eventuale SUPPLEMENT al titolo<\/strong>: non occorre n\u00e9 che la copia\u00a0 legalizzata n\u00e9 che sia tradotta, in quanto suddetto documento serve solo per semplificare l\u2019emissione della dichiarazione di valore;<\/p>\n<p>5 &#8211; Allegare le\u00a0\u00a0<strong>TRADUZIONI LEGALIZZATE IN LINGUA ITALIANA DEI TITOLI\u00a0\u00a0<\/strong>per cui si richiede l\u2019emissione della dichiarazione di valore<strong>\u00a0<\/strong>. Le traduzioni devono essere effettuate da un\u00a0<u>TRADUTTORE GIURATO<\/u>\u00a0:<\/p>\n<p>&#8211;\u00a0\u00a0\u00a0\u00a0\u00a0\u00a0\u00a0\u00a0\u00a0\u00a0Se il traduttore \u00e8 scelto tra uno di quelli presenti nella nostra lista <a href=\"https:\/\/consbruxelles.esteri.it\/wp-content\/uploads\/2025\/12\/Traduttori-giurati-Dicembre-2025.pdf\">(VEDI LISTA DEI TRADUTTORI GIURATI)<\/a>, la legalizzazione sar\u00e0 effettuata dal Consolato Generale, si prega di verificare i relativi costi direttamente con il traduttore.<\/p>\n<p>&#8211;\u00a0\u00a0\u00a0\u00a0\u00a0\u00a0\u00a0\u00a0\u00a0\u00a0Se la traduzione \u00e8 effettuata in Italia, la firma del traduttore dovr\u00e0 essere legalizzata dall\u2019Autorit\u00e0 italiana a ci\u00f2 preposta.<\/p>\n<p><strong><em><u>La documentazione <\/u><\/em><\/strong><strong><em><u>COMPLETA sopra riportata<\/u><\/em><\/strong><em> <strong><u>dovr\u00e0 essere <\/u><\/strong><\/em><strong><em><u>anticipata<\/u><\/em><\/strong><strong><em><u> via mail<\/u><\/em><\/strong><em> all\u2019indirizzo <a href=\"mailto:sociale.bruxelles@esteri.it\">sociale.bruxelles@esteri.it <\/a><strong>.\u00a0 <u>Si prega di non inviare richieste incomplete in quanto non saranno accettate.<\/u><\/strong><\/em><\/p>\n<p><strong><u>Tutta la documentazione trasmessa via mail dovr\u00e0 poi essere presentata in originale contestualmente al rilascio della dichiarazione di valore che avverr\u00e0 tramite appuntamento concordato previamente<\/u><\/strong><strong>. <\/strong><\/p>\n<p><strong>Il costo della percezione consolare \u00e8 di 50 euro ma\u00a0<\/strong><u>se la Dichiarazione di valore \u00e8 a fini di studio (es. iscrizione ad Universit\u00e0, a Master, ecc.) il rilascio \u00e8 gratuito<\/u><\/p>\n","protected":false},"excerpt":{"rendered":"DICHIARAZIONI DI VALORE \u2013 DIPLOMI Cos\u2019\u00e8 la dichiarazione di valore? La dichiarazione di valore \u00e8 l\u2019attestazione da parte del Consolato Generale del livello di studi raggiunto dall\u2019allievo nell\u2019ambito dell\u2019istituzione scolastica del Paese straniero. Tale certificazione viene prodotta esclusivamente su titoli finali emanati dagli istituti d\u2019istruzione legalmente riconosciuti in Belgio e situati nella circoscrizione consolare di [&hellip;]","protected":false},"author":5,"featured_media":0,"parent":59,"menu_order":0,"comment_status":"closed","ping_status":"closed","template":"","meta":{"footnotes":""},"class_list":["post-307","page","type-page","status-publish","hentry"],"_links":{"self":[{"href":"https:\/\/consbruxelles.esteri.it\/it\/wp-json\/wp\/v2\/pages\/307","targetHints":{"allow":["GET"]}}],"collection":[{"href":"https:\/\/consbruxelles.esteri.it\/it\/wp-json\/wp\/v2\/pages"}],"about":[{"href":"https:\/\/consbruxelles.esteri.it\/it\/wp-json\/wp\/v2\/types\/page"}],"author":[{"embeddable":true,"href":"https:\/\/consbruxelles.esteri.it\/it\/wp-json\/wp\/v2\/users\/5"}],"replies":[{"embeddable":true,"href":"https:\/\/consbruxelles.esteri.it\/it\/wp-json\/wp\/v2\/comments?post=307"}],"version-history":[{"count":6,"href":"https:\/\/consbruxelles.esteri.it\/it\/wp-json\/wp\/v2\/pages\/307\/revisions"}],"predecessor-version":[{"id":3514,"href":"https:\/\/consbruxelles.esteri.it\/it\/wp-json\/wp\/v2\/pages\/307\/revisions\/3514"}],"up":[{"embeddable":true,"href":"https:\/\/consbruxelles.esteri.it\/it\/wp-json\/wp\/v2\/pages\/59"}],"wp:attachment":[{"href":"https:\/\/consbruxelles.esteri.it\/it\/wp-json\/wp\/v2\/media?parent=307"}],"curies":[{"name":"wp","href":"https:\/\/api.w.org\/{rel}","templated":true}]}}