{"id":285,"date":"2024-05-28T13:04:07","date_gmt":"2024-05-28T11:04:07","guid":{"rendered":"https:\/\/consbruxelles.esteri.it\/?page_id=285"},"modified":"2025-08-13T16:12:56","modified_gmt":"2025-08-13T14:12:56","slug":"pubblicazioni-di-matrimonio","status":"publish","type":"page","link":"https:\/\/consbruxelles.esteri.it\/it\/servizi-consolari-e-visti\/servizi-per-il-cittadino-italiano\/stato-civile\/pubblicazioni-di-matrimonio\/","title":{"rendered":"Pubblicazioni di matrimonio"},"content":{"rendered":"<p><strong>VOGLIAMO SPOSARCI IN ITALIA, COME PROCEDERE ALLE PUBBLICAZIONI DI MATRIMONIO?<\/strong><\/p>\n<p>I cittadini italiani residenti all\u2019estero e iscritti all\u2019AIRE, dovranno richiedere le pubblicazioni di matrimonio a questo Consolato Generale nel caso in cui almeno uno dei nubendi <u>sia residente nella circoscrizione consolare di Bruxelles\u00a0<\/u>(in caso contrario si prega di contattare direttamente il comune italiano o il consolato di competenza).<\/p>\n<p><strong>LE PUBBLICAZIONI DOVRANNO ESSERE RICHIESTE <span style=\"text-decoration: underline;\">6 MESI PRIMA<\/span> DELLA DATA DI CELEBRAZIONE DEL MATRIMONIO<\/strong><\/p>\n<p>Per richiedere le pubblicazioni di matrimonio occorre far pervenire a questo Consolato Generale via posta ordinaria o lasciando la busta presso la nostra accoglienza durante gli orari di apertura al pubblico*la documentazione in originale qui di seguito elencata, debitamente compilata e firmata.<\/p>\n<p><strong><em>* dal luned\u00ec al venerd\u00ec dalle ore 09.00 alle ore 12.30 + il mercoled\u00ec dalle ore 14.00 alle ore 16.00.<\/em><\/strong><\/p>\n<p><strong>La documentazione da presentare \u00e8 la seguente:<\/strong><\/p>\n<p>\u2013\u00a0<strong><a href=\"https:\/\/consbruxelles.esteri.it\/wp-content\/uploads\/2024\/07\/ISTANZA-PUBBLICAZIONI.docx\">RICHIESTA PUBBLICAZIONI<\/a>\u00a0<\/strong>firmata da entrambi i nubendi.<\/p>\n<p><strong><u>La firma del nubendo cittadino extra-UE dovr\u00e0 essere legalizzata sul modulo di richiesta di pubblicazioni. Tale legalizzazione dovr\u00e0 essere effettuata presso il comune\u00a0 o presso la rappresentanza diplomatico-consolare di residenza.<\/u><\/strong><\/p>\n<p>\u2013\u00a0<strong><a href=\"https:\/\/consbruxelles.esteri.it\/wp-content\/uploads\/2024\/07\/dichiarazione_sostitutiva_di_certificazione-da-compilare-1.docx\">Dichiarazione_sostitutiva_di_certificazione da compilare<\/a>\u00a0<\/strong>Una per ciascun nubendo di cittadinanza italiana;<\/p>\n<p>\u2013\u00a0<strong>Richiesta di pubblicazioni in originale con timbro e firma del Parroco\u00a0<a href=\"https:\/\/consbruxelles.esteri.it\/wp-content\/uploads\/2025\/03\/MOD-X-CONS-GEN-IT-a-BXL.pdf\">(MOD. X\/10)<\/a>\u00a0<\/strong>che celebrer\u00e0 le nozze in Italia\u00a0<u>nel caso di matrimonio religioso\/concordatario;<\/u><\/p>\n<p>\u2013 Fotocopia dei documenti d\u2019identit\u00e0\u00a0<strong>validi<\/strong>\u00a0di entrambi i nubendi;<\/p>\n<p>Ove uno dei nubendi sia straniero, quest\u2019ultimo dovr\u00e0 produrre la seguente documentazione :<\/p>\n<ul>\n<li>il suo <strong>atto di nascita integrale completo di maternit\u00e0 e paternit\u00e0<\/strong> debitamente legalizzato e tradotto in italiano\u00a0ove previsto<\/li>\n<li>il \u201c<strong>certificato di capacit\u00e0 matrimoniale<\/strong>\u201d, il quale dovr\u00e0 essere richiesto alla competente Autorit\u00e0 del Paese di appartenenza se si \u00e8 cittadino di uno dei seguenti stati: <u>Austria, Germania, Grecia, Lussemburgo, Moldavia, Paesi Bassi, Portogallo, Spagna, Svizzera e Turchia<\/u>. Salvo specifiche eccezioni, questo documento \u00e8 rilasciato dalle Rappresentanze Diplomatico-Consolari estere accreditate in Italia, poich\u00e9 il matrimonio verr\u00e0 celebrato in Italia.<\/li>\n<li><u>se si \u00e8 invece cittadini di stati diversi da quelli sopra menzionati<\/u>, si dovr\u00e0 presentare il \u201c<strong>nulla osta al matrimonio\u201d<\/strong> rilasciato dalle competenti autorit\u00e0 diplomatico-consolari del Paese di cittadinanza accreditate in Italia, debitamente legalizzato presso la Prefettura italiana e tradotto in italiano. <span style=\"text-decoration: underline;\"><strong>Tale<\/strong> <strong>legalizzazione prefettizia non \u00e8 necessaria <\/strong><\/span>per gli atti e i documenti\u00a0rilasciati da una\u00a0<strong>rappresentanza diplomatica o consolare estera residente in Italia\u00a0<\/strong>dei seguenti Stati aderenti alla Convenzione di Londra del 7 giugno 1968 o alla Convenzione di Bruxelles del 25 maggio 1987:\u00a0<strong>Austria, Belgio, Cipro, Danimarca, Estonia, Francia, Germania, Gran Bretagna, Grecia, Irlanda, Lettonia, Liechtenstein, Lussemburgo, Moldova, Norvegia, Paesi Bassi, Polonia, Portogallo, Repubblica Ceca, Romania, Russia, Spagna, Svezia, Svizzera, Turchia, Ucraina (dal 6 aprile 2023)\u00a0<\/strong><\/li>\n<\/ul>\n<p><u>Il funzionario consolare verificher\u00e0 l\u2019esattezza della documentazione prodotta ed acquisir\u00e0 d\u2019ufficio eventuali altri documenti per provare l\u2019inesistenza di impedimenti al matrimonio. Si ricorda che la documentazione dovr\u00e0 essere inviata in originale.<\/u><\/p>\n<p>Effettuate le verifiche necessarie, i nubendi saranno contattati dal responsabile via e-mail per l\u2019espletamento della pratica (firma del verbale) e per il pagamento delle percezioni consolari che sar\u00e0 effettuato in loco via Bancontact.<\/p>\n<p>Terminato il periodo di pubblicazione sull\u2019Albo Consolare (8 gg + 3 gg) al seguente indirizzo :\u00a0<strong><a href=\"https:\/\/consbruxelles.esteri.it\/it\/servizi-consolari-e-visti\/servizi-per-il-cittadino-italiano\/albo-consolare-e-altri-servizi\/pubblicazioni-albo-consolare\/\">Pubblicazioni Albo Consolare <\/a><\/strong><\/p>\n<p>L\u2019Ufficio consolare invier\u00e0 all\u2019Ufficiale di Stato Civile del Comune dove il matrimonio verr\u00e0 celebrato, il Certificato di eseguite pubblicazioni e la Delega alla celebrazione del matrimonio.<\/p>\n<p><u>Nel caso si tratti di matrimonio religioso\/concordatario<\/u>, il certificato di eseguite pubblicazioni e l\u2019atto di Delega verranno inviati all\u2019indirizzo e-mail indicato dal parroco nella richiesta di pubblicazioni (Mod. X) OPPURE, previo appuntamento, i nubendi potranno venire presso il Consolato Generale a ritirare i documenti nel caso occorressero gli originali.<\/p>\n<p><strong>Il matrimonio dovr\u00e0 essere celebrato entro 180 giorni dalla data di rilascio della Delega.<\/strong><\/p>\n","protected":false},"excerpt":{"rendered":"VOGLIAMO SPOSARCI IN ITALIA, COME PROCEDERE ALLE PUBBLICAZIONI DI MATRIMONIO? I cittadini italiani residenti all\u2019estero e iscritti all\u2019AIRE, dovranno richiedere le pubblicazioni di matrimonio a questo Consolato Generale nel caso in cui almeno uno dei nubendi sia residente nella circoscrizione consolare di Bruxelles\u00a0(in caso contrario si prega di contattare direttamente il comune italiano o il [&hellip;]","protected":false},"author":5,"featured_media":0,"parent":86,"menu_order":0,"comment_status":"closed","ping_status":"closed","template":"","meta":{"footnotes":""},"class_list":["post-285","page","type-page","status-publish","hentry"],"_links":{"self":[{"href":"https:\/\/consbruxelles.esteri.it\/it\/wp-json\/wp\/v2\/pages\/285","targetHints":{"allow":["GET"]}}],"collection":[{"href":"https:\/\/consbruxelles.esteri.it\/it\/wp-json\/wp\/v2\/pages"}],"about":[{"href":"https:\/\/consbruxelles.esteri.it\/it\/wp-json\/wp\/v2\/types\/page"}],"author":[{"embeddable":true,"href":"https:\/\/consbruxelles.esteri.it\/it\/wp-json\/wp\/v2\/users\/5"}],"replies":[{"embeddable":true,"href":"https:\/\/consbruxelles.esteri.it\/it\/wp-json\/wp\/v2\/comments?post=285"}],"version-history":[{"count":6,"href":"https:\/\/consbruxelles.esteri.it\/it\/wp-json\/wp\/v2\/pages\/285\/revisions"}],"predecessor-version":[{"id":2823,"href":"https:\/\/consbruxelles.esteri.it\/it\/wp-json\/wp\/v2\/pages\/285\/revisions\/2823"}],"up":[{"embeddable":true,"href":"https:\/\/consbruxelles.esteri.it\/it\/wp-json\/wp\/v2\/pages\/86"}],"wp:attachment":[{"href":"https:\/\/consbruxelles.esteri.it\/it\/wp-json\/wp\/v2\/media?parent=285"}],"curies":[{"name":"wp","href":"https:\/\/api.w.org\/{rel}","templated":true}]}}