{"id":270,"date":"2024-05-28T12:51:51","date_gmt":"2024-05-28T10:51:51","guid":{"rendered":"https:\/\/consbruxelles.esteri.it\/?page_id=270"},"modified":"2026-04-13T11:20:29","modified_gmt":"2026-04-13T09:20:29","slug":"carte-didentita","status":"publish","type":"page","link":"https:\/\/consbruxelles.esteri.it\/it\/servizi-consolari-e-visti\/servizi-per-il-cittadino-italiano\/carte-didentita\/","title":{"rendered":"Carte d&#8217;identit\u00e0 elettroniche (C.I.E.)"},"content":{"rendered":"<p style=\"text-align: justify;\"><strong><span style=\"text-decoration: underline;\">IMPORTANTE NOVITA&#8217;:<\/span> Dal 1 giugno 2026 anche i cittadini italiani iscritti all&#8217;Anagrafe degli Italiani Residenti all&#8217;Estero (AIRE) <span style=\"text-decoration: underline;\">potranno richiedere\u00a0il rilascio della carta d&#8217;identit\u00e0 elettronica presso qualsiasi Comune <\/span><\/strong><strong><span style=\"text-decoration: underline;\">italiano<\/span>. La carta d\u2019identit\u00e0 potr\u00e0 essere ritirata di persona presso il Comune o si potr\u00e0 richiedere la spedizione all&#8217;indirizzo estero di residenza. (Legge 11\/2026)<\/strong><\/p>\n<p style=\"text-align: justify;\">La carta d&#8217;identit\u00e0 elettronica (C.I.E.) viene utilizzata per identificarsi e circolare nell\u2019Unione europea, in alcuni Stati aderenti all\u2019Accordo di Schengen e in altri Stati con i quali sono stati raggiunti accordi bilaterali (maggiori informazioni sul sito <a href=\"https:\/\/www.viaggiaresicuri.it\/find-country\">viaggiaresicuri.it<\/a>). Essa consente, inoltre, di accedere a determinati <a href=\"https:\/\/www.cartaidentita.interno.gov.it\/\">servizi on-line della Pubblica Amministrazione italiana<\/a>.<\/p>\n<p style=\"text-align: justify;\"><strong>CHI PUO\u2019 RICHIEDERE IL RILASCIO DELLA C.I.E.?<\/strong><\/p>\n<p style=\"text-align: justify;\">Possono richiedere il rilascio della C.I.E. i\u00a0<strong>cittadini italiani iscritti AIRE residenti nella Circoscrizione consolare di Bruxelles <\/strong>(comuni belgi con codice di avviamento postale compreso tra 1000 e 3999 e tra 8000 e 9992), in uno dei seguenti casi:<\/p>\n<ul style=\"text-align: justify;\">\n<li>rilascio prima carta d\u2019identit\u00e0;<\/li>\n<li>possesso di una carta d\u2019identit\u00e0 deteriorata o scaduta o in scadenza;<\/li>\n<li>smarrimento o furto dell\u2019ultima carta d\u2019identit\u00e0 rilasciata.<\/li>\n<\/ul>\n<p style=\"text-align: justify;\">La C.I.E. valida per l&#8217;espatrio viene rilasciato in assenza di cause ostative di cui all\u2019<a href=\"https:\/\/www.normattiva.it\/uri-res\/N2Ls?urn:nir:stato:legge:1967-11-21;1185~art3-letf\">art. 3 della Legge n. 1185\/1967<\/a><\/p>\n<p style=\"text-align: justify;\"><strong>COME RICHIEDERE LA C.I.E.?<\/strong><\/p>\n<p>I <strong>cittadini italiani iscritti AIRE residenti nella Circoscrizione consolare di Bruxelles <\/strong>(comuni belgi con codice di avviamento postale compreso tra 1000 e 3999 e tra 8000 e 9992) hanno 3 modalit\u00e0 per richiedere il rilascio di C.I.E.:<\/p>\n<ul>\n<li style=\"text-align: justify;\"><span style=\"text-decoration: underline;\"><strong>A<\/strong><strong> partire dal 1 giugno 2026<\/strong><\/span><strong> presso qualsiasi Comune italiano<\/strong> fissando un appuntamento tramite la <strong><a href=\"https:\/\/www.prenotazionicie.interno.gov.it\/cittadino\/n\/sc\/wizardAppuntamentoCittadino\/sceltaComune\">Piattaforma di prenotazione del Ministero dell&#8217;Interno<\/a><\/strong> o recandosi senza appuntamento ove il Comune scelto lo consenta;<\/li>\n<li style=\"text-align: justify;\"><strong>Presso il Consolato Generale d&#8217;Italia Bruxelles<\/strong> fissando un appuntamento<strong> attraverso la piattaforma <a href=\"https:\/\/prenotami.esteri.it\/\">Prenot@mi<\/a><\/strong>.<\/li>\n<li style=\"text-align: justify;\"><strong>Presso il Consolato Generale d&#8217;Italia Bruxelles <\/strong>senza appuntamento, fino ad esaurimento posti, <strong>alle ore 09:00 dal luned\u00ec al venerd\u00ec<\/strong> e il <strong>mercoled\u00ec anche il pomeriggio alle 14:00<\/strong>. <span style=\"text-decoration: underline;\">Tale modalit\u00e0 non garantisce l\u2019erogazione del servizio<\/span>.<\/li>\n<\/ul>\n<p style=\"text-align: justify;\">Prima di fissare un appuntamento (o di recarsi al Consolato Generale) \u00e8 necessario assicurarsi che il proprio dossier consolare sia in ordine e il proprio indirizzo di residenza sia aggiornato. Eventuali cambi di indirizzo dovranno essere comunicati tramite portale<strong> <a href=\"https:\/\/serviziconsolari.esteri.it\/home\">FAST IT<\/a><\/strong><\/p>\n<p style=\"text-align: justify;\"><strong>COSA PORTARE IL GIORNO DELL&#8217;APPUNTAMENTO?<\/strong><\/p>\n<ul style=\"text-align: justify;\">\n<li><strong>1 fototessera<\/strong> a colori, risalente a meno di 6 mesi, su sfondo bianco conforme alla\u00a0<a href=\"https:\/\/www.esteri.it\/it\/servizi-consolari-e-visti\/italiani-all-estero\/documenti_di_viaggio\/linee-guida-foto-icao\/\">normativa ICAO<\/a><u>.<\/u><\/li>\n<li><strong>Permesso di soggiorno belga o carta d\u2019identit\u00e0 belga<\/strong> in corso di validit\u00e0. Per chi avesse anche la cittadinanza belga \u00e8 necessario presentare un <strong>certificato di nazionalit\u00e0 belga riportante la data e la modalit\u00e0 di acquisizione<\/strong>.<\/li>\n<li>Eventuale <strong>ultima carta d\u2019identit\u00e0<\/strong> di cui si \u00e8 possessori oppure, in caso di furto o di smarrimento, denuncia resa davanti alle Autorit\u00e0 di Polizia locali.<\/li>\n<li><strong>Per i minorenni che non abbiano mai avuto una carta di identit\u00e0 italiana \u00e8 necessaria la presenza di entrambi i genitori. Per i minorenni che abbiano gi\u00e0 avuto una carta d&#8217;identit\u00e0 italiana essi possono essere accompagnati soltanto da uno dei due genitori <\/strong>purch\u00e9 venga prodotta la seguente documentazione a seconda dei casi:<\/li>\n<\/ul>\n<ol style=\"text-align: justify;\">\n<li><u>Se il genitore non presente \u00e8 cittadino dell\u2019Unione europea:<\/u> <a href=\"https:\/\/consbruxelles.esteri.it\/wp-content\/uploads\/2025\/02\/NUOVO-ASSENSO-PASSAPORTO-CIE-CON-INDIRIZZO.pdf\">atto di assenso<\/a> firmato dal genitore non presente e corredato da relativa fotocopia di un documento di riconoscimento;<\/li>\n<li><u>Se il genitore non presente \u00e8 cittadino di paese al di fuori dell\u2019Unione europea:<\/u> <a href=\"https:\/\/consbruxelles.esteri.it\/wp-content\/uploads\/2025\/02\/NUOVO-ASSENSO-PASSAPORTO-CIE-CON-INDIRIZZO.pdf\">atto di assenso<\/a> firmato del genitore non presente, con firma autenticata presso le Autorit\u00e0 locali o, se residente in altro Stato, presso il competente Ufficio diplomatico-consolare italiano.<\/li>\n<\/ol>\n<p style=\"text-align: justify;\"><strong>COSA FARE IL GIORNO DELL\u2019APPUNTAMENTO?<\/strong><\/p>\n<ul style=\"text-align: justify;\">\n<li>Presentarsi all\u2019ingresso del Consolato Generale\u00a0<strong>15 minuti prima <\/strong>dell\u2019orario dell\u2019appuntamento. Non potranno essere introdotti animali, valigie e mezzi di trasporto (incluse biciclette o monopattini).<\/li>\n<li>L\u2019accesso \u00e8 consentito esclusivamente al richiedente e alla\u00a0<strong>persona accompagnatrice soltanto qualora il richiedente sia minorenne o necessiti di specifica assistenza<\/strong>.<\/li>\n<li>Nel caso in cui l\u2019appuntamento sia stato fissato per un\u00a0<strong>minorenne<\/strong>, quest\u2019ultimo deve essere presente e <strong>accompagnato da almeno uno dei genitori <\/strong>(o dal genitore\/tutore che esercita in modo esclusivo la responsabilit\u00e0 genitoriale)<strong>.<\/strong><\/li>\n<\/ul>\n<p style=\"text-align: justify;\"><strong>VALIDITA\u2019 DELLA C.I.E.<\/strong><\/p>\n<ul style=\"text-align: justify;\">\n<li>3 anni per i minorenni di et\u00e0 inferiore ai 3 anni;<\/li>\n<li>5 anni per i minorenni la cui et\u00e0 \u00e8 compresa tra i 3 e i 18 anni;<\/li>\n<li>10 anni per i maggiorenni.<\/li>\n<\/ul>\n<p style=\"text-align: justify;\">Fermo restando l\u2019obbligo del cittadino italiano di comunicare eventuali variazioni di indirizzo, anagrafiche e di stato civile tramite il portale <a href=\"https:\/\/serviziconsolari.esteri.it\/\">FastIt.<\/a> Le\u00a0<u>variazioni riguardanti la residenza del titolare della C.I.E. non comportano n\u00e9 l\u2019aggiornamento del documento n\u00e9 il rilascio di una nuova C.I.E<\/u>.<\/p>\n<p style=\"text-align: justify;\"><strong>ATTENZIONE: Le carte di identit\u00e0 in formato cartaceo non saranno pi\u00f9 valide per l&#8217;espatrio a partire dal 3 agosto 2026 indipendentemente dalla data di scadenza delle stesse!<\/strong><\/p>\n<p style=\"text-align: justify;\"><strong>COME E QUANDO SI RICEVE LA C.I.E.<\/strong><\/p>\n<p style=\"text-align: justify;\">La C.I.E. viene spedita per posta raccomandata dall\u2019Istituto Poligrafico e Zecca dello Stato,\u00a0<strong>all\u2019indirizzo di residenza belga del richiedente<\/strong>.<\/p>\n<p style=\"text-align: justify;\">Salvo casi particolari, essa dovrebbe essere recapitata\u00a0<strong>entro 15 giorni<\/strong>\u00a0dal giorno dell\u2019appuntamento.\u00a0 Attraverso il codice di tracciamento comunicato dall\u2019Ufficio consolare il richiedente pu\u00f2 tracciare la spedizione on-line.<\/p>\n<p style=\"text-align: justify;\">In caso di mancata consegna entro il termine di cui sopra \u00e8 cura del richiedente informarsi prima presso il proprio ufficio postale di riferimento al fine di verificare se la C.I.E. non vi si trovi in giacenza e successivamente, in caso esito negativo, presso il Consolato Generale.<\/p>\n<p style=\"text-align: justify;\"><strong>QUANTO COSTA LA C.I.E. E COME SI PAGA?<\/strong><\/p>\n<ul style=\"text-align: justify;\">\n<li>21,95 euro (primo rilascio o rilasci successivi in seguito a scadenza);<\/li>\n<li>27,11 euro (in caso di duplicato in seguito a deterioramento, furto o smarrimento).<\/li>\n<\/ul>\n<p style=\"text-align: justify;\">Il pagamento viene effettuato il giorno dell\u2019appuntamento presso il Consolato Generale preferibilmente a mezzo carta di debito (<em>Bancontact<\/em>)<em>. <\/em>Pagamenti in contanti non possono essere accettati se non in casi eccezionali e preventivamente accordati.<\/p>\n<p style=\"text-align: justify;\"><strong>DICHIARAZIONE DI ACCOMPAGNAMENTO PER MINORI DI 14 ANNI CHE NON VIAGGIANO CON I GENITORI<\/strong><\/p>\n<p style=\"text-align: justify;\">Il rilascio avviene su appuntamento da fissare su <a href=\"https:\/\/prenotami.esteri.it\/\"><strong>Prenot@mi<\/strong><\/a> per il servizio &#8220;Documenti di viaggio\/ Passaporti&#8221; specificando nel campo &#8220;Note&#8221; che si tratta di una richiesta di dichiarazione di accompagnamento.. Documentazione da presentare:<\/p>\n<ul>\n<li><a href=\"https:\/\/consbruxelles.esteri.it\/wp-content\/uploads\/2026\/02\/Dichiarazione.pdf\">Modulo di richiesta<\/a><\/li>\n<li>Copia dei titoli di viaggio<\/li>\n<li>Copia dei documenti di identit\u00e0 del minore, dei genitori e dell&#8217;accompagnatore<\/li>\n<\/ul>\n<p style=\"text-align: justify;\">I minori di 14 anni possono viaggiare in compagnia di una persona (o compagnia di trasporto) diversa dai genitori o di chi ne fa le veci solo se in possesso di tale dichiarazione rilasciata dalla competente autorit\u00e0, italiana o belga, attestante il nome della persona\/compagnia di trasporto a cui i minori sono affidati.<\/p>\n<p style=\"text-align: justify;\"><strong>QUAL E\u2019 LA NORMATIVA DI RIFERIMENTO?<\/strong><\/p>\n<ul>\n<li style=\"text-align: justify;\">Legge 21 novembre 1967, n. 1185. Norme sui passaporti (modificata dalla Legge 16 gennaio 2003, n. 3 e dal Decreto-legge 25 settembre 2009, n. 135, convertito in Legge 20 novembre 2009, n. 166).<\/li>\n<li style=\"text-align: justify;\">Decreto ministeriale 23\/12\/2015. Modalit\u00e0 tecniche di emissione della Carta d\u2019identit\u00e0 elettronica.<\/li>\n<li style=\"text-align: justify;\">Decreto legislativo 3 febbraio 2011, n. 71. Ordinamento e funzioni degli Uffici consolari.<\/li>\n<li>Legge 11\/2026<\/li>\n<\/ul>\n<p><strong>DOVE TROVO INFORMAZIONI PIU&#8217; APPROFONDITE?<\/strong><\/p>\n<p>Questa pagina riassume in maniera schematica le principali informazioni. Per un approfondimento si consiglia di consultare anche <a href=\"https:\/\/consbruxelles.esteri.it\/wp-content\/uploads\/2025\/12\/CIE-approfondimento.pdf\">questa pagina<\/a>.<\/p>\n","protected":false},"excerpt":{"rendered":"IMPORTANTE NOVITA&#8217;: Dal 1 giugno 2026 anche i cittadini italiani iscritti all&#8217;Anagrafe degli Italiani Residenti all&#8217;Estero (AIRE) potranno richiedere\u00a0il rilascio della carta d&#8217;identit\u00e0 elettronica presso qualsiasi Comune italiano. La carta d\u2019identit\u00e0 potr\u00e0 essere ritirata di persona presso il Comune o si potr\u00e0 richiedere la spedizione all&#8217;indirizzo estero di residenza. (Legge 11\/2026) La carta d&#8217;identit\u00e0 elettronica [&hellip;]","protected":false},"author":5,"featured_media":0,"parent":59,"menu_order":0,"comment_status":"closed","ping_status":"closed","template":"","meta":{"footnotes":""},"class_list":["post-270","page","type-page","status-publish","hentry"],"_links":{"self":[{"href":"https:\/\/consbruxelles.esteri.it\/it\/wp-json\/wp\/v2\/pages\/270","targetHints":{"allow":["GET"]}}],"collection":[{"href":"https:\/\/consbruxelles.esteri.it\/it\/wp-json\/wp\/v2\/pages"}],"about":[{"href":"https:\/\/consbruxelles.esteri.it\/it\/wp-json\/wp\/v2\/types\/page"}],"author":[{"embeddable":true,"href":"https:\/\/consbruxelles.esteri.it\/it\/wp-json\/wp\/v2\/users\/5"}],"replies":[{"embeddable":true,"href":"https:\/\/consbruxelles.esteri.it\/it\/wp-json\/wp\/v2\/comments?post=270"}],"version-history":[{"count":8,"href":"https:\/\/consbruxelles.esteri.it\/it\/wp-json\/wp\/v2\/pages\/270\/revisions"}],"predecessor-version":[{"id":3768,"href":"https:\/\/consbruxelles.esteri.it\/it\/wp-json\/wp\/v2\/pages\/270\/revisions\/3768"}],"up":[{"embeddable":true,"href":"https:\/\/consbruxelles.esteri.it\/it\/wp-json\/wp\/v2\/pages\/59"}],"wp:attachment":[{"href":"https:\/\/consbruxelles.esteri.it\/it\/wp-json\/wp\/v2\/media?parent=270"}],"curies":[{"name":"wp","href":"https:\/\/api.w.org\/{rel}","templated":true}]}}