{"id":1490,"date":"2024-09-20T16:17:35","date_gmt":"2024-09-20T14:17:35","guid":{"rendered":"https:\/\/consbruxelles.esteri.it\/?page_id=1490"},"modified":"2026-04-16T16:20:24","modified_gmt":"2026-04-16T14:20:24","slug":"ufficio-scolastico","status":"publish","type":"page","link":"https:\/\/consbruxelles.esteri.it\/it\/italia-e-belgio\/diplomazia-culturale\/ufficio-scolastico\/","title":{"rendered":"Ufficio scolastico"},"content":{"rendered":"<p>L\u2019Ufficio Scolastico del Consolato Generale \u00e8 preposto al coordinamento e alla supervisione dei corsi di lingua e cultura italiana relativi alla Circoscrizioni consolari di \u00a0Regione di Bruxelles-Capitale, Regione fiamminga, Provincia del Brabante Vallone e Provincia del Brabante fiammingo. A tale scopo, supporta le scuole interessate all\u2019inserimento della nostra lingua nel loro curriculum. L\u2019obiettivo che ci si prefigge \u00e8 quello di far conoscere e apprezzare la nostra cultura e la nostra lingua ad una pi\u00f9 ampia utenza possibile.<\/p>\n<p>&nbsp;<\/p>\n<p><a href=\"https:\/\/consbruxelles.esteri.it\/wp-content\/uploads\/2025\/10\/Corsi-Circoscrizione-di-Bruxelles-a.s.-2025-2026-sito.pdf\"><strong>CORSI DI LINGUA ITALIANA 2025-2026<\/strong><\/a><\/p>\n<p><a href=\"https:\/\/consbruxelles.esteri.it\/wp-content\/uploads\/2024\/10\/CartadiPartenariato_2024_2029_Firmata-1.pdf\">Carta di Partenariato Italia &#8211; Belgio 2024-2029<\/a><\/p>\n<p><a href=\"https:\/\/consbruxelles.esteri.it\/wp-content\/uploads\/2024\/10\/ChartedePartenariat_2024_2029_Signee-1.pdf\">Charte de Partenariat Italie &#8211; Belgique 2024-2029<\/a><\/p>\n<p><a href=\"https:\/\/consbruxelles.esteri.it\/wp-content\/uploads\/2025\/04\/modulo-iscrizione-corsi-2025-2026-CG.doc\">Modulo iscrizione corsi 2025-2026<\/a><\/p>\n<p><a href=\"https:\/\/consbruxelles.esteri.it\/wp-content\/uploads\/2025\/05\/Circulaire-OLC-pour-annee-scolaire-2025-26.pdf\"><strong>Circulaire OLC pour l\u2019ann\u00e9e scolaire 2025-2026<\/strong><\/a><\/p>\n<p><a href=\"https:\/\/consbruxelles.esteri.it\/wp-content\/uploads\/2026\/02\/Calendrier-Scolaire-Wallonie-as-2025-2026.pdf\"><strong>Calendrier scolaire Wallonie 2025-2026<\/strong><\/a><\/p>\n<p><a href=\"https:\/\/consbruxelles.esteri.it\/wp-content\/uploads\/2026\/02\/PTOF2025-28-CONSOLATO-BRUXELLES-agg2026.pdf\"><strong>PIANO TRIENNALE DELL&#8217;OFFERTA FORMATIVA A.A.S.S. 2025-2028<\/strong><\/a><\/p>\n<p>&nbsp;<\/p>\n<p><strong>17 MARZO 2026: UN GIORNO AL PARLAMENTO EUROPEO DI BRUXELLES\/ 17 MARS 2026: UN JOUR AU PARLEMENT EUROPEEN DE BRUXELLES<\/strong><\/p>\n<p><img loading=\"lazy\" decoding=\"async\" class=\"alignnone size-medium wp-image-3794 img-fluid\" src=\"https:\/\/consbruxelles.esteri.it\/wp-content\/uploads\/2026\/04\/Immagine1-300x221.jpg\" alt=\"\" width=\"300\" height=\"221\" srcset=\"https:\/\/consbruxelles.esteri.it\/wp-content\/uploads\/2026\/04\/Immagine1-300x221.jpg 300w, https:\/\/consbruxelles.esteri.it\/wp-content\/uploads\/2026\/04\/Immagine1.jpg 649w\" sizes=\"auto, (max-width: 300px) 100vw, 300px\" \/> <img loading=\"lazy\" decoding=\"async\" class=\" wp-image-3796 img-fluid alignnone\" src=\"https:\/\/consbruxelles.esteri.it\/wp-content\/uploads\/2026\/04\/Immagine2-247x300.jpg\" alt=\"\" width=\"232\" height=\"282\" srcset=\"https:\/\/consbruxelles.esteri.it\/wp-content\/uploads\/2026\/04\/Immagine2-247x300.jpg 247w, https:\/\/consbruxelles.esteri.it\/wp-content\/uploads\/2026\/04\/Immagine2-842x1024.jpg 842w, https:\/\/consbruxelles.esteri.it\/wp-content\/uploads\/2026\/04\/Immagine2-768x933.jpg 768w, https:\/\/consbruxelles.esteri.it\/wp-content\/uploads\/2026\/04\/Immagine2.jpg 905w\" sizes=\"auto, (max-width: 232px) 100vw, 232px\" \/><\/p>\n<p>Grazie all\u2019invito della <strong>Vicepresidente del Parlamento Europeo, Antonella Sberna<\/strong>, il 17 marzo 2026, in occasione del Convegno <em>Il Corpo non \u00e8 un algoritmo<\/em>, \u00e8 stato presentato al Parlamento Europeo il progetto \u201c<strong><em>Passaporto delle meraviglie e dei tesori d\u2019Italia-A bordo del treno Europa Express, da Bruxelles allo stivale incantato tra arte, gusto e sapori autentici del Made in Italy<\/em><\/strong>\u201d della nostra docente MAECI <strong>Antoinette D\u2019Alimonte, <\/strong>che ringraziamo per la grande cura e creativit\u00e0 mostrate. \u00a0Assieme a lei hanno partecipato una parte degli alunni direttamente coinvolti nel progetto: <strong>le classi terze e quarte A\/B dell\u2019Ecole 16 Petit Bois<\/strong> <strong>di Bruxelles<\/strong>, che hanno potuto vivere al Parlamento\u00a0 un\u2019esperienza unica e particolarmente arricchente. Un\u2019immersione nel cuore della democrazia europea per divenire dei cittadini impegnati e consapevoli.<\/p>\n<p>Presenti al Convegno l\u2019<strong>Ambasciatore d\u2019Italia in Belgio, Federica Favi<\/strong>, il <strong>Console Generale d\u2019Italia a Bruxelles<\/strong>, <strong>Francesco Varriale<\/strong>, la <strong>Dirigente dell\u2019Ufficio Scolastico del<\/strong> <strong>Consolato di Bruxelles<\/strong>, <strong>Giovanna Bernasconi<\/strong> e altri relatori, come da <a href=\"https:\/\/consbruxelles.esteri.it\/wp-content\/uploads\/2026\/04\/Programma-Locandina-Parlamento-17-03-2026.jpg\"><u>PROGRAMMA-LOCANDINA<\/u><\/a><\/p>\n<p>Altre foto dell\u2019evento sono allegate <a href=\"https:\/\/consbruxelles.esteri.it\/wp-content\/uploads\/2026\/04\/ALTRE-FOTO-PARLAMENTO-EUROPEO-17-03-2026.pdf\"><u>QUI<\/u><\/a><\/p>\n<p>Gr\u00e2ce \u00e0 l\u2019invitation de la <strong>Pr\u00e9sidente ajointe du Parlement Europ\u00e9en, Mme Antonella Sberna<\/strong>,\u00a0 le 17 mars 2026, \u00e0 l\u2019occasion de la Conf\u00e9rence <em>Le corps n\u2019est pas un algorithme<\/em>, a \u00e9t\u00e9 pr\u00e9sent\u00e9 au Parlement Europ\u00e9en le projet \u00ab <strong><em>Passeport des merveilles et des tr\u00e9sors d\u2019Italie \u2014 \u00e0 bord du train Europa Express, de Bruxelles vers la botte enchant\u00e9e entre art, go\u00fbt et saveurs authentiques du Made in Italy<\/em><\/strong> \u00bb de notre enseignante MAECI\u00a0 <strong>Antoinette D\u2019Alimonte<\/strong>, que nous remercions pour le grand soin et la cr\u00e9ativit\u00e9 dont elle a fait preuve. Avec elle ont particip\u00e9 une partie des \u00e9l\u00e8ves directement impliqu\u00e9s dans le projet : les classes de <strong>troisi\u00e8me et quatri\u00e8me A\/B de l\u2019\u00c9cole 16 Petit Bois de Bruxelles<\/strong>, qui ont pu vivre au Parlement une exp\u00e9rience unique et particuli\u00e8rement enrichissante. Une immersion au c\u0153ur de la d\u00e9mocratie europ\u00e9enne pour devenir des citoyens engag\u00e9s et \u00e9clair\u00e9s.<\/p>\n<p>Pr\u00e9sents \u00e0 la Conf\u00e8rence <strong>l\u2019Ambassadeur d\u2019Italie en Belgique, Mme Federica Favi<\/strong>, le <strong>Consul G\u00e9n\u00e9ral d\u2019Italie \u00e0 Bruxelles, M. Francesco Varriale<\/strong>, la <strong>Directrice du Bureau scolaire du Consulat de Bruxelles, Mme Giovanna Bernasconi<\/strong>\u00a0 et d\u2019autres intervenants, comme indiqu\u00e9 dans le <a href=\"https:\/\/consbruxelles.esteri.it\/wp-content\/uploads\/2026\/04\/Programma-Locandina-Parlamento-17-03-2026.jpg\"><u>PROGRAMME-AFFICHE<\/u><\/a><\/p>\n<p>D\u2019autres photos de l\u2019\u00e9v\u00e9nement sont jointes <a href=\"https:\/\/consbruxelles.esteri.it\/wp-content\/uploads\/2026\/04\/ALTRE-FOTO-PARLAMENTO-EUROPEO-17-03-2026.pdf\"><u>ICI<\/u><\/a><\/p>\n<p>&nbsp;<\/p>\n<p><img loading=\"lazy\" decoding=\"async\" class=\" wp-image-3204 img-fluid aligncenter\" src=\"https:\/\/consbruxelles.esteri.it\/wp-content\/uploads\/2025\/12\/Immagine1.jpg\" alt=\"\" width=\"141\" height=\"167\" \/><\/p>\n<p>&nbsp;<\/p>\n<p>La Settimana della Cucina Italiana nel Mondo \u00e8 un\u2019iniziativa promossa dal Ministero degli Affari Esteri e della Cooperazione Internazionale. L\u2019edizione 2025, dal tema: \u201cLa Cucina Italiana: una celebrazione di Salute, Cultura e Innovazione\u201d, mette in risalto anche la candidatura dell\u2019Italia all\u2019inclusione della cucina italiana nella Lista del Patrimonio Culturale Immateriale dell\u2019UNESCO, sottolineandone il ruolo nella promozione della salute, dell\u2019identit\u00e0 culturale, delle tradizioni e delle pratiche culinarie innovative.<\/p>\n<p><strong>\u00a0L\u2019 Ufficio Scolastico del Consolato Generale d\u2019Italia a Bruxelles <\/strong>celebra <strong>il cibo come patrimonio culturale, identitario e sociale<\/strong>. Il filo conduttore? I prodotti autentici, le ricette tradizionali, la sostenibilit\u00e0 alimentare e il racconto di un\u2019Italia che, con i suoi pomodori maturi, la pasta tirata a mano, l\u2019olio buono sa<strong> creare connessione<\/strong><strong>. <\/strong>Perch\u00e9 attorno ad una ricetta non ci sono solo ingredienti. Ci sono ricordi, storie di immigrazione, \u201cmani sporche di farina\u201d. U<strong>n ponte tra chi \u00e8 partito e chi \u00e8 rimasto<\/strong>, tra chi l\u2019Italia la vive ogni giorno e chi la custodisce nel cuore, magari a migliaia di chilometri. Perch\u00e9 <strong>la Cucina Italiana non \u00e8 solo quello che mangiamo<\/strong><strong>.<\/strong> \u00c8 un linguaggio universale che parla di noi, delle nostre radici, della nostra creativit\u00e0.<\/p>\n<p>Di seguito il Progetto 2025 \u201c<strong>Un Cuoco a Scuola<\/strong>\u201d dell\u2019Ufficio Scolastico del Consolato Generale d\u2019Italia a Bruxelles. <strong>Ringraziamo i Cuochi che si sono prestati gratuitamente ad intervenire e a fornire la loro preziosa collaborazione<\/strong> in sei scuole della Circoscrizione Consolare, in cui prestano servizio in corsi OLC e extracurricolari di italiano i nostri docenti Maeci.<\/p>\n<p>Hanno partecipato agli incontri<\/p>\n<p><strong>il Console Generale d\u2019Italia a Bruxelles Dott. Francesco Varriale,<\/strong><\/p>\n<p>la Dirigente dell\u2019Ufficio Scolastico del Consolato di Bruxelles Dott.ssa Giovanna Bernasconi.<\/p>\n<p><a href=\"https:\/\/consbruxelles.esteri.it\/wp-content\/uploads\/2025\/12\/Calendario-laboratori-un-cuoco-a-scuola-con-foto.pdf\"><em>Ecco il Calendario degli incontri-laboratori di Cucina Italiana e qualche foto<\/em><\/a><\/p>\n<p>&nbsp;<\/p>\n<p>La Semaine de la Cuisine Italienne dans le Monde est une initiative promue par le Minist\u00e8re des Affaires \u00e9trang\u00e8res et de la Coop\u00e9ration internationale. L&#8217;\u00e9dition 2025, sur le th\u00e8me \u00ab La Cuisine italienne : une c\u00e9l\u00e9bration de la Sant\u00e9, de la Culture et de l&#8217;Innovation \u00bb, met \u00e9galement en lumi\u00e8re la candidature de l&#8217;Italie pour l&#8217;inscription de la cuisine italienne sur la Liste du patrimoine culturel immat\u00e9riel de l&#8217;UNESCO, en soulignant son r\u00f4le dans la promotion de la sant\u00e9, de l&#8217;identit\u00e9 culturelle, des traditions et des pratiques culinaires innovantes.<\/p>\n<p><strong>Le Bureau Scolaire du Consulat G\u00e9n\u00e9ral d&#8217;Italie \u00e0 Bruxelles c\u00e9l\u00e8bre la nourriture comme patrimoine culturel, identitaire et social<\/strong>. Le fil conducteur ? Les produits authentiques, les recettes traditionnelles, la durabilit\u00e9 alimentaire et le r\u00e9cit d&#8217;une Italie qui, avec ses tomates m\u00fbres, ses p\u00e2tes \u00e9tir\u00e9es \u00e0 la main et sa bonne huile, sait cr\u00e9er du lien. Car autour d&#8217;une recette il n&#8217;y a pas seulement des ingr\u00e9dients. Il y a des souvenirs, des histoires d&#8217;immigration, des \u00ab mains pleines de farine \u00bb. Un pont entre ceux qui sont partis et ceux qui sont rest\u00e9s, entre ceux qui vivent l&#8217;Italie au quotidien et ceux qui la gardent dans leur c\u0153ur, peut\u2011\u00eatre \u00e0 des milliers de kilom\u00e8tres. Parce que la Cuisine italienne n&#8217;est pas seulement ce que nous mangeons. C&#8217;est un langage universel qui parle de nous, de nos racines, de notre cr\u00e9ativit\u00e9.<\/p>\n<p>Ci\u2011dessous le projet 2025 \u00ab <strong>Un cuoco a scuola<\/strong> \u00bb du Bureau Scolaire du Consulat G\u00e9n\u00e9ral d&#8217;Italie \u00e0 Bruxelles. <strong>Nous remercions les chefs qui se sont port\u00e9s volontaires gratuitement pour intervenir et apporter leur pr\u00e9cieuse collaboration<\/strong> dans six \u00e9coles de la circonscription consulaire, o\u00f9 nos enseignants MAECI assurent des cours OLC et des activit\u00e9s extracurriculaires d&#8217;italien.<\/p>\n<p>Ont particip\u00e9 aux rencontres<\/p>\n<p><strong>le Consul g\u00e9n\u00e9ral d&#8217;Italie \u00e0 Bruxelles, M. Francesco Varriale<\/strong>,<\/p>\n<p>la Directrice du Bureau Scolaire du Consulat de Bruxelles, Mme Giovanna Bernasconi.<\/p>\n<p><a href=\"https:\/\/consbruxelles.esteri.it\/wp-content\/uploads\/2025\/12\/Calendario-laboratori-un-cuoco-a-scuola-con-foto.pdf\"><em>Voici le Calendrier des rencontres-laboratoires de Cuisine Italienne et quelques photos<\/em><\/a><\/p>\n<p>&nbsp;<\/p>\n<p>&nbsp;<\/p>\n<p>&nbsp;<\/p>\n<p><img loading=\"lazy\" decoding=\"async\" class=\"size-medium wp-image-2990 img-fluid aligncenter\" src=\"https:\/\/consbruxelles.esteri.it\/wp-content\/uploads\/2025\/10\/3.LOGO-SETTIMANA-DELLA-LINGUA-NUOVO-300x116.jpg\" alt=\"\" width=\"300\" height=\"116\" srcset=\"https:\/\/consbruxelles.esteri.it\/wp-content\/uploads\/2025\/10\/3.LOGO-SETTIMANA-DELLA-LINGUA-NUOVO-300x116.jpg 300w, https:\/\/consbruxelles.esteri.it\/wp-content\/uploads\/2025\/10\/3.LOGO-SETTIMANA-DELLA-LINGUA-NUOVO-1024x396.jpg 1024w, https:\/\/consbruxelles.esteri.it\/wp-content\/uploads\/2025\/10\/3.LOGO-SETTIMANA-DELLA-LINGUA-NUOVO-768x297.jpg 768w, https:\/\/consbruxelles.esteri.it\/wp-content\/uploads\/2025\/10\/3.LOGO-SETTIMANA-DELLA-LINGUA-NUOVO.jpg 1133w\" sizes=\"auto, (max-width: 300px) 100vw, 300px\" \/><\/p>\n<p><strong>La XXV Settimana della Lingua Italiana nel Mondo <\/strong>(13\u201319 ottobre 2025) rappresenta una delle principali rassegne istituzionali di promozione della nostra lingua su scala globale. <strong>L\u2019Ufficio Scolastico del Consolato Generale d\u2019Italia a Bruxelles<\/strong> celebra la bellezza e la forza comunicativa dell\u2019italiano come ponte culturale e strumento formativo. L\u2019italiano \u00e8 motore di dialogo interculturale, creativit\u00e0 e pensiero critico. <strong>I nostri docenti Maeci<\/strong> che gestiscono corsi integrati (OLC) ed extrascolastici presso le varie scuole belghe\/internazionali della Circoscrizione Consolare (vedasi <strong>CORSI DI LINGUA ITALIANA A.S. 2025-2026<\/strong> su questo sito) progettano e realizzano attivit\u00e0 ludico-didattiche su vocabolario, laboratori, letture sceniche, favole italiane e canzoni tradizionali per sviluppare e potenziare competenze linguistiche e culturali, consolidare reti educative.<\/p>\n<p>Di seguito alcune attivit\u00e0 realizzate dai nostri docenti Maeci nelle scuole durante la Settimana della Lingua Italiana nel mondo, dal 13 ottobre 2025.<\/p>\n<p><strong>La XXV Semaine de la langue italienne dans le monde<\/strong> (13\u201319 octobre 2025) repr\u00e9sente l\u2019une des principales manifestations institutionnelles de promotion de notre langue \u00e0 l\u2019\u00e9chelle mondiale. <strong>Le Bureau scolaire du Consulat G\u00e9n\u00e9ral d\u2019Italie \u00e0 Bruxelles<\/strong> c\u00e9l\u00e8bre la beaut\u00e9 et la force communicative de l\u2019italien en tant que pont culturel et outil p\u00e9dagogique. L\u2019italien est un moteur de dialogue interculturel, de cr\u00e9ativit\u00e9 et de pens\u00e9e critique. <strong>Nos enseignants MAECI<\/strong> qui animent des cours int\u00e9gr\u00e9s (OLC) et extrascolaires dans les diff\u00e9rentes \u00e9coles belges\/internationales de la circonscription consulaire (voir <strong>COURS DE LANGUE ITALIENNE A.S. 2025\u20132026<\/strong> sur ce site) pensent et mettent en \u0153uvre des activit\u00e9s ludo\u2011p\u00e9dagogiques portant sur le vocabulaire, des ateliers, des lectures sc\u00e9niques, des contes italiens et des chansons traditionnelles afin de d\u00e9velopper et renforcer des comp\u00e9tences linguistiques et culturelles et de consolider des r\u00e9seaux \u00e9ducatifs.<\/p>\n<p>Ci\u2011dessous quelques activit\u00e9s r\u00e9alis\u00e9es par nos enseignants MAECI dans les \u00e9coles pendant la Semaine de la langue italienne dans le monde, \u00e0 partir du 13 octobre 2025.<\/p>\n<p><strong><a href=\"https:\/\/consbruxelles.esteri.it\/wp-content\/uploads\/2025\/10\/ECOLE-DU-BEMPT-Ins-Castaldi-Alessia.pdf\">ECOLE DU BEMPT- Ins Castaldi Alessia<\/a><\/strong><\/p>\n<p><strong><a href=\"https:\/\/consbruxelles.esteri.it\/wp-content\/uploads\/2025\/10\/ECOLE-SAINT-MARTIN-Ins-Nardone-Laura.pdf\">ECOLE SAINT MARTIN- Ins Nardone Laura<\/a><\/strong><\/p>\n<p><strong><a href=\"https:\/\/consbruxelles.esteri.it\/wp-content\/uploads\/2025\/10\/ECOLE-JACQMAIN-Ins-Russo-Venera.pdf\">ECOLE JACQMAIN -Ins Russo Venera<\/a><\/strong><\/p>\n<p>&nbsp;<\/p>\n<p><img loading=\"lazy\" decoding=\"async\" class=\"alignnone size-medium wp-image-3535 img-fluid\" src=\"https:\/\/consbruxelles.esteri.it\/wp-content\/uploads\/2026\/02\/ITALY.-Land-of-Wonders-300x170.png\" alt=\"\" width=\"300\" height=\"170\" srcset=\"https:\/\/consbruxelles.esteri.it\/wp-content\/uploads\/2026\/02\/ITALY.-Land-of-Wonders-300x170.png 300w, https:\/\/consbruxelles.esteri.it\/wp-content\/uploads\/2026\/02\/ITALY.-Land-of-Wonders-1024x580.png 1024w, https:\/\/consbruxelles.esteri.it\/wp-content\/uploads\/2026\/02\/ITALY.-Land-of-Wonders-768x435.png 768w, https:\/\/consbruxelles.esteri.it\/wp-content\/uploads\/2026\/02\/ITALY.-Land-of-Wonders.png 1500w\" sizes=\"auto, (max-width: 300px) 100vw, 300px\" \/><\/p>\n<p>Grazie al Ministero degli Affari Esteri e della Cooperazione Internazionale (MAECI) \u00e8 stato realizzato il sito web \u201c <strong>ITALY. Land of Wonders<\/strong>\u201d, strumento di promozione e comunicazione per arricchire la narrazione dell\u2019Italia all\u2019estero e valorizzare, con modalit\u00e0 innovative, il patrimonio culturale, artistico, gastronomico e paesaggistico italiano. E \u2019un percorso attraverso le venti regioni italiane, articolato in oltre 600 testi, foto e immagini in grafica 3D, su arte, natura, spettacolo, gastronomia suddivisi per regione. E\u2019fruibile in diverse lingue, pensato per un pubblico internazionale, ma che potrebbe stupire anche chi in Italia ci vive. Dal sito \u00e8 gratuitamente scaricabile anche l\u2019omonimo videogioco ITALY.Land of Wonders. L\u2019ambizione \u00e8 contribuire a raccontare all\u2019estero l\u2019Italia di oggi: bella, creativa, dinamica e resiliente.<\/p>\n<p>Per accedere, cliccare su questo link: \u00a0\u00a0<a href=\"https:\/\/ilow.esteri.it\/\">https:\/\/ilow.esteri.it<\/a><\/p>\n<p>Gr\u00e2ce au Minist\u00e8re des Affaires \u00e9trang\u00e8res et de la Coop\u00e9ration internationale (MAECI) le site web \u201c <strong>ITALY. <\/strong><strong>Land of Wonders<\/strong>\u201d a \u00e9t\u00e9 r\u00e9alis\u00e9, un outil de promotion et de communication visant \u00e0 enrichir la narration de l\u2019Italie \u00e0 l\u2019\u00e9tranger et \u00e0 valoriser, de mani\u00e8re innovante, le patrimoine culturel, artistique, gastronomique et paysager italien. C\u2019est un parcours \u00e0 travers les vingt r\u00e9gions italiennes, articul\u00e9 en plus de 600 textes, photos et images en 3D, sur l\u2019art, la nature, le spectacle et la gastronomie, r\u00e9partis par r\u00e9gion. Il est disponible en plusieurs langues, con\u00e7u pour un public international, mais qui pourrait aussi surprendre ceux qui vivent en Italie. Le jeu vid\u00e9o ITALY.Land of Wonders est \u00e9galement t\u00e9l\u00e9chargeable gratuitement du site. L\u2019ambition est de contribuer \u00e0 raconter \u00e0 l\u2019\u00e9tranger l\u2019Italie d\u2019aujourd\u2019hui: belle, cr\u00e9ative, dynamique et r\u00e9siliente.<\/p>\n<p>Pour y acc\u00e9der, cliquez sur ce lien:\u00a0 <a href=\"https:\/\/ilow.esteri.it\/\">https:\/\/ilow.esteri.it<\/a><\/p>\n<p>&nbsp;<\/p>\n<p><strong><a href=\"https:\/\/consbruxelles.esteri.it\/wp-content\/uploads\/2026\/02\/GUIDE-PRATIQUE-POUR-ABORDER-LINTERCULTURALITE-EN-CLASSE-DE-MANIERE-CREATIVE-2_compressed.pdf\"><span style=\"font-family: 'Arial',sans-serif; color: black;\">GUIDE PRATIQUE POUR ABORDER L&#8217;INTERCULTURALITE EN CLASSE DE MANIERE CREATIVE.<\/span><\/a><\/strong><\/p>\n<p>&nbsp;<\/p>\n<p><strong>Borse di studio offerte dal Governo Italiano a studenti stranieri e italiani residenti all\u2019estero\/ Bourses d&#8217;\u00e9tudes offertes par le Gouvernement italien aux \u00e9tudiants \u00e9trangers et aux Italiens r\u00e9sidant \u00e0 l&#8217;\u00e9tranger<\/strong>:<\/p>\n<p><a href=\"https:\/\/www.esteri.it\/it\/servizi-opportunita\/opportunita\/borse-di-studio\/per-cittadini-stranieri\/borsestudio_stranieri\/\">https:\/\/www.esteri.it\/it\/servizi-opportunita\/opportunita\/borse-di-studio\/per-cittadini-stranieri\/borsestudio_stranieri\/<\/a><\/p>\n<p>&nbsp;<\/p>\n<p><strong>Borse di studio offerte da Universit\u00e0 italiane per studenti internazionali\/ Bourses d&#8217;\u00e9tudes offertes par les Universit\u00e9s italiennes aux \u00e9tudiants internationaux:<\/strong><\/p>\n<p><a href=\"https:\/\/www.esteri.it\/it\/servizi-opportunita\/opportunita\/borse-di-studio\/per-cittadini-stranieri\/borse-di-studio-offerte-dalle-universita\/\">https:\/\/www.esteri.it\/it\/servizi-opportunita\/opportunita\/borse-di-studio\/per-cittadini-stranieri\/borse-di-studio-offerte-dalle-universita\/<\/a><\/p>\n<p>&nbsp;<\/p>\n<p>&nbsp;<\/p>\n<p><strong><a href=\"https:\/\/consbruxelles.esteri.it\/wp-content\/uploads\/2026\/01\/CARNET-ACTIVITES-PRATIQUES-SUR-LE-THEME-DE-LEMIGRATION-BELGIO-CHIAMA-ITALIA_compressed.pdf\"><span style=\"font-family: 'Arial',sans-serif; color: black;\">CARNET D&#8217;ACTIVITES PRATIQUES SUR LE THEME DE L&#8217;EMIGRATION- BELGIO CHIAMA ITALIA<\/span><\/a><\/strong><\/p>\n<p><span style=\"font-family: 'Arial',sans-serif; color: black;\">\u00a0<\/span><\/p>\n","protected":false},"excerpt":{"rendered":"L\u2019Ufficio Scolastico del Consolato Generale \u00e8 preposto al coordinamento e alla supervisione dei corsi di lingua e cultura italiana relativi alla Circoscrizioni consolari di \u00a0Regione di Bruxelles-Capitale, Regione fiamminga, Provincia del Brabante Vallone e Provincia del Brabante fiammingo. A tale scopo, supporta le scuole interessate all\u2019inserimento della nostra lingua nel loro curriculum. L\u2019obiettivo che ci [&hellip;]","protected":false},"author":5,"featured_media":0,"parent":41,"menu_order":0,"comment_status":"closed","ping_status":"closed","template":"","meta":{"footnotes":""},"class_list":["post-1490","page","type-page","status-publish","hentry"],"_links":{"self":[{"href":"https:\/\/consbruxelles.esteri.it\/it\/wp-json\/wp\/v2\/pages\/1490","targetHints":{"allow":["GET"]}}],"collection":[{"href":"https:\/\/consbruxelles.esteri.it\/it\/wp-json\/wp\/v2\/pages"}],"about":[{"href":"https:\/\/consbruxelles.esteri.it\/it\/wp-json\/wp\/v2\/types\/page"}],"author":[{"embeddable":true,"href":"https:\/\/consbruxelles.esteri.it\/it\/wp-json\/wp\/v2\/users\/5"}],"replies":[{"embeddable":true,"href":"https:\/\/consbruxelles.esteri.it\/it\/wp-json\/wp\/v2\/comments?post=1490"}],"version-history":[{"count":6,"href":"https:\/\/consbruxelles.esteri.it\/it\/wp-json\/wp\/v2\/pages\/1490\/revisions"}],"predecessor-version":[{"id":3799,"href":"https:\/\/consbruxelles.esteri.it\/it\/wp-json\/wp\/v2\/pages\/1490\/revisions\/3799"}],"up":[{"embeddable":true,"href":"https:\/\/consbruxelles.esteri.it\/it\/wp-json\/wp\/v2\/pages\/41"}],"wp:attachment":[{"href":"https:\/\/consbruxelles.esteri.it\/it\/wp-json\/wp\/v2\/media?parent=1490"}],"curies":[{"name":"wp","href":"https:\/\/api.w.org\/{rel}","templated":true}]}}